{"id":990,"date":"2020-02-02T23:13:09","date_gmt":"2020-02-02T22:13:09","guid":{"rendered":"https:\/\/www.benjaminpetrvald.cz\/?page_id=990"},"modified":"2020-02-28T15:26:19","modified_gmt":"2020-02-28T14:26:19","slug":"darci-2019","status":"publish","type":"page","link":"https:\/\/www.benjaminpetrvald.cz\/?page_id=990","title":{"rendered":"D\u00e1rci 2019"},"content":{"rendered":"<p>V\u00e1\u017een\u00ed p\u0159\u00e1tel\u00e9,<\/p>\n<p>cht\u011bli bychom V\u00e1m touto cestou velice moc pod\u011bkovat za podporu finan\u010dn\u00ed nebo hmotnou, kterou jste poskytli u\u017eivatel\u016fm na\u0161\u00ed slu\u017eby v roce 2019. Moc si toho V\u00e1\u017e\u00edme a v\u011b\u0159\u00edme, \u017ee budeme m\u00edt i nad\u00e1le mo\u017enost za\u017e\u00edvat Va\u0161i velkorysost a ochotu d\u00e1l podporovat a pom\u00e1hat lidem, kte\u0159\u00ed v Benjam\u00ednu \u017eij\u00ed.<\/p>\n<p>My v\u0161ichni z Benjam\u00ednu<\/p>\n<p>Jmenovit\u011b pak d\u011bkujeme:<\/p>\n<h2>Nadace Agrofert<\/h2>\n<h2><a href=\"https:\/\/www.benjaminpetrvald.cz\/wp-content\/uploads\/2017\/06\/nadaceagrofer.jpg\"><img loading=\"lazy\" decoding=\"async\" class=\"size-medium wp-image-804 alignnone\" src=\"https:\/\/www.benjaminpetrvald.cz\/wp-content\/uploads\/2017\/06\/nadaceagrofer-300x86.jpg\" alt=\"\" width=\"300\" height=\"86\"><\/a><\/h2>\n<p>Velice moc d\u011bkujeme za poskytnut\u00ed \u010d\u00e1stky <strong>105 000,- K\u010d<\/strong>, d\u00edky kter\u00e9 m\u016f\u017eeme d\u011btem v DOZP Benjam\u00edn st\u0159edisko v Hav\u00ed\u0159ov\u011b poskytovat po cel\u00fd rok canisterapii.<\/p>\n<h2>Globus \u010cR, k. s.<br>Hypermarket Globus Hav\u00ed\u0159ov<\/h2>\n<h2><a href=\"https:\/\/www.benjaminpetrvald.cz\/wp-content\/uploads\/2017\/06\/globus.png\"><img loading=\"lazy\" decoding=\"async\" class=\"alignnone wp-image-805 size-medium\" src=\"https:\/\/www.benjaminpetrvald.cz\/wp-content\/uploads\/2017\/06\/globus-300x237.png\" alt=\"\" width=\"300\" height=\"237\"><\/a><\/h2>\n<p>D\u011bkujeme za mo\u017enost zapojen\u00ed do akce \u201eStrom spln\u011bn\u00fdch p\u0159\u00e1n\u00ed\u201c, kdy z\u00e1kazn\u00edci i zam\u011bstnanci Hypermarketu Globus darovali d\u011btem z DOZP Benjam\u00edn st\u0159edisko v Hav\u00ed\u0159ov\u011b v\u00e1no\u010dn\u00ed d\u00e1rky dle jejich p\u0159\u00e1n\u00ed.<\/p>\n<h3>D\u00e1le moc d\u011bkujeme:<\/h3>\n<ul>\n<li>Moravskoslezsk\u00e9mu kraji za nepen\u011b\u017en\u00ed dar v hodnot\u011b 38 962,- K\u010d<\/li>\n<li>L\u00e9k\u00e1rn\u011b Camilla Pet\u0159vald za poskytnut\u00ed finan\u010dn\u00edho daru 20 000,- K\u010d<\/li>\n<li>Master IT Technologies, a.s. za finan\u010dn\u00ed dar ve v\u00fd\u0161i 10 000,- K\u010d<\/li>\n<li>Statut\u00e1rn\u00edmu m\u011bstu Hav\u00ed\u0159ov za dar z fondu prim\u00e1tora m\u011bsta, za kter\u00fd byly nakoupeny v\u00e1no\u010dn\u00ed d\u00e1rky pro d\u011bti z DOZP st\u0159edisko Hav\u00ed\u0159ov v hodnot\u011b 9450,- K\u010d<\/li>\n<li>Distrimed s. r. o. za finan\u010dn\u00ed dar 4470,- K\u010d a nepen\u011b\u017en\u00ed dar v hodnot\u011b 7989,- K\u010d<\/li>\n<li>INTER META za pen\u011b\u017en\u00ed dar 1590,- K\u010d<\/li>\n<\/ul>\n<h3>Zvl\u00e1\u0161tn\u00ed pod\u011bkov\u00e1n\u00ed:<\/h3>\n<p>D\u011bkujeme \u010dlen\u016fm streetworkout skupiny Extreme Barz a jmenovit\u011b panu Josefu R\u00e1blovi za v\u00fdkon v akci \u201eSv\u011btov\u00fd den shyb\u016f\u201c, za kter\u00fd z\u00edskali pro Benjam\u00edn \u010d\u00e1stku 10 000,- K\u010d, kter\u00fd n\u00e1m n\u00e1sledn\u011b darovala firma Master IT Technologies, a.s. P\u0159ejeme jim mnoho \u00fasp\u011bch\u016f.<\/p>\n\n","protected":false},"excerpt":{"rendered":"<p>V\u00e1\u017een\u00ed p\u0159\u00e1tel\u00e9, cht\u011bli bychom V\u00e1m touto cestou velice moc pod\u011bkovat za podporu finan\u010dn\u00ed nebo hmotnou, kterou jste poskytli u\u017eivatel\u016fm na\u0161\u00ed slu\u017eby v roce 2019. Moc si toho V\u00e1\u017e\u00edme a v\u011b\u0159\u00edme, \u017ee budeme m\u00edt i nad\u00e1le mo\u017enost za\u017e\u00edvat Va\u0161i velkorysost a ochotu d\u00e1l podporovat a pom\u00e1hat lidem, kte\u0159\u00ed v Benjam\u00ednu \u017eij\u00ed. My v\u0161ichni z Benjam\u00ednu Jmenovit\u011b pak d\u011bkujeme: Nadace Agrofert Velice moc d\u011bkujeme za poskytnut\u00ed \u010d\u00e1stky 105 000,- K\u010d, d\u00edky kter\u00e9 m\u016f\u017eeme d\u011btem v DOZP Benjam\u00edn st\u0159edisko v Hav\u00ed\u0159ov\u011b poskytovat po cel\u00fd rok canisterapii. Globus \u010cR, k. s.Hypermarket Globus Hav\u00ed\u0159ov D\u011bkujeme za mo\u017enost zapojen\u00ed do akce \u201eStrom spln\u011bn\u00fdch p\u0159\u00e1n\u00ed\u201c, kdy z\u00e1kazn\u00edci&#8230; <\/p>\n","protected":false},"author":1,"featured_media":0,"parent":0,"menu_order":0,"comment_status":"closed","ping_status":"closed","template":"full-width.php","meta":{"ngg_post_thumbnail":0,"footnotes":""},"class_list":["post-990","page","type-page","status-publish","hentry"],"_links":{"self":[{"href":"https:\/\/www.benjaminpetrvald.cz\/index.php?rest_route=\/wp\/v2\/pages\/990","targetHints":{"allow":["GET"]}}],"collection":[{"href":"https:\/\/www.benjaminpetrvald.cz\/index.php?rest_route=\/wp\/v2\/pages"}],"about":[{"href":"https:\/\/www.benjaminpetrvald.cz\/index.php?rest_route=\/wp\/v2\/types\/page"}],"author":[{"embeddable":true,"href":"https:\/\/www.benjaminpetrvald.cz\/index.php?rest_route=\/wp\/v2\/users\/1"}],"replies":[{"embeddable":true,"href":"https:\/\/www.benjaminpetrvald.cz\/index.php?rest_route=%2Fwp%2Fv2%2Fcomments&post=990"}],"version-history":[{"count":2,"href":"https:\/\/www.benjaminpetrvald.cz\/index.php?rest_route=\/wp\/v2\/pages\/990\/revisions"}],"predecessor-version":[{"id":1011,"href":"https:\/\/www.benjaminpetrvald.cz\/index.php?rest_route=\/wp\/v2\/pages\/990\/revisions\/1011"}],"wp:attachment":[{"href":"https:\/\/www.benjaminpetrvald.cz\/index.php?rest_route=%2Fwp%2Fv2%2Fmedia&parent=990"}],"curies":[{"name":"wp","href":"https:\/\/api.w.org\/{rel}","templated":true}]}}