{"id":946,"date":"2019-02-18T11:13:40","date_gmt":"2019-02-18T10:13:40","guid":{"rendered":"https:\/\/www.benjaminpetrvald.cz\/?page_id=946"},"modified":"2019-02-18T11:15:52","modified_gmt":"2019-02-18T10:15:52","slug":"darci-2018","status":"publish","type":"page","link":"https:\/\/www.benjaminpetrvald.cz\/?page_id=946","title":{"rendered":"D\u00e1rci 2018"},"content":{"rendered":"<p>V\u00e1\u017een\u00ed p\u0159\u00e1tel\u00e9,<\/p>\n<p>cht\u011bli bychom V\u00e1m touto cestou velice moc pod\u011bkovat za podporu finan\u010dn\u00ed nebo hmotnou, kterou jste poskytli u\u017eivatel\u016fm na\u0161\u00ed slu\u017eby v roce 2018. Moc si toho V\u00e1\u017e\u00edme a v\u011b\u0159\u00edme, \u017ee budeme m\u00edt i nad\u00e1le mo\u017enost za\u017e\u00edvat Va\u0161i velkorysost a ochotu d\u00e1l podporovat a pom\u00e1hat lidem, kte\u0159\u00ed v Benjam\u00ednu \u017eij\u00ed.<\/p>\n<p>My v\u0161ichni z Benjam\u00ednu<\/p>\n<p>Jmenovit\u011b pak d\u011bkujeme:<\/p>\n<h2>Nadace Agrofert<\/h2>\n<h2><a href=\"https:\/\/www.benjaminpetrvald.cz\/wp-content\/uploads\/2017\/06\/nadaceagrofer.jpg\"><img loading=\"lazy\" decoding=\"async\" class=\"size-medium wp-image-804 alignnone\" src=\"https:\/\/www.benjaminpetrvald.cz\/wp-content\/uploads\/2017\/06\/nadaceagrofer-300x86.jpg\" alt=\"\" width=\"300\" height=\"86\"><\/a><\/h2>\n<p>D\u011bkujeme za poskytnut\u00ed \u010d\u00e1stky 100 000,- K\u010d, d\u00edky kter\u00e9 bude u\u017eivatel\u016fm poskytov\u00e1na canisterapie po cel\u00fd rok 2018.<\/p>\n<h2>Globus \u010cR, k. s.<br \/>\nHypermarket Globus Hav\u00ed\u0159ov<\/h2>\n<h2><a href=\"https:\/\/www.benjaminpetrvald.cz\/wp-content\/uploads\/2017\/06\/globus.png\"><img loading=\"lazy\" decoding=\"async\" class=\"alignnone wp-image-805 size-medium\" src=\"https:\/\/www.benjaminpetrvald.cz\/wp-content\/uploads\/2017\/06\/globus-300x237.png\" alt=\"\" width=\"300\" height=\"237\"><\/a><\/h2>\n<p>D\u011bkujeme za mo\u017enost zapojen\u00ed do akce \u201eStrom spln\u011bn\u00fdch p\u0159\u00e1n\u00ed\u201c, kdy z\u00e1kazn\u00edci i zam\u011bstnanci Hypermarketu Globus darovali d\u011btem z DOZP Benjam\u00edn st\u0159edisko v Hav\u00ed\u0159ov\u011b v\u00e1no\u010dn\u00ed d\u00e1rky dle jejich p\u0159\u00e1n\u00ed.<\/p>\n<h3>D\u00e1le moc d\u011bkujeme:<\/h3>\n<ul>\n<li>L\u00e9k\u00e1rn\u011b Camilla za poskytnut\u00ed daru ve v\u00fd\u0161i 20 000,- K\u010d<\/li>\n<li>Statut\u00e1rn\u00edmu m\u011bstu Hav\u00ed\u0159ov za finan\u010dn\u00ed dar z fondu prim\u00e1tora m\u011bsta ve v\u00fd\u0161i 10 000,- K\u010d<\/li>\n<li>panu Martinovi Damovsk\u00e9mu za poskytnut\u00ed daru ve v\u00fd\u0161i 6 000,- K\u010d<\/li>\n<li>panu Anton\u00ednu Mi\u010dkovi za poskytnut\u00ed daru ve v\u00fd\u0161i 5 000,- K\u010d<\/li>\n<li>\u017e\u00e1k\u016fm a jejich rodi\u010d\u016fm a pedagog\u016fm i zam\u011bstnanc\u016fm Z\u0160 \u017d\u00e1kovsk\u00e1 v Hav\u00ed\u0159ov\u011b za v\u00e1no\u010dn\u00ed d\u00e1rky pro d\u00edt\u011b z Benjam\u00ednu<\/li>\n<li>\u010dokol\u00e1dovn\u011b Fikar<\/li>\n<\/ul>\n","protected":false},"excerpt":{"rendered":"<p>V\u00e1\u017een\u00ed p\u0159\u00e1tel\u00e9, cht\u011bli bychom V\u00e1m touto cestou velice moc pod\u011bkovat za podporu finan\u010dn\u00ed nebo hmotnou, kterou jste poskytli u\u017eivatel\u016fm na\u0161\u00ed slu\u017eby v roce 2018. Moc si toho V\u00e1\u017e\u00edme a v\u011b\u0159\u00edme, \u017ee budeme m\u00edt i nad\u00e1le mo\u017enost za\u017e\u00edvat Va\u0161i velkorysost a ochotu d\u00e1l podporovat a pom\u00e1hat lidem, kte\u0159\u00ed v Benjam\u00ednu \u017eij\u00ed. My v\u0161ichni z Benjam\u00ednu Jmenovit\u011b pak d\u011bkujeme: Nadace Agrofert D\u011bkujeme za poskytnut\u00ed \u010d\u00e1stky 100 000,- K\u010d, d\u00edky kter\u00e9 bude u\u017eivatel\u016fm poskytov\u00e1na canisterapie po cel\u00fd rok 2018. Globus \u010cR, k. s. Hypermarket Globus Hav\u00ed\u0159ov D\u011bkujeme za mo\u017enost zapojen\u00ed do akce \u201eStrom spln\u011bn\u00fdch p\u0159\u00e1n\u00ed\u201c, kdy z\u00e1kazn\u00edci i zam\u011bstnanci Hypermarketu Globus darovali d\u011btem&#8230; <\/p>\n","protected":false},"author":1,"featured_media":0,"parent":0,"menu_order":0,"comment_status":"closed","ping_status":"closed","template":"full-width.php","meta":{"ngg_post_thumbnail":0,"footnotes":""},"class_list":["post-946","page","type-page","status-publish","hentry"],"_links":{"self":[{"href":"https:\/\/www.benjaminpetrvald.cz\/index.php?rest_route=\/wp\/v2\/pages\/946","targetHints":{"allow":["GET"]}}],"collection":[{"href":"https:\/\/www.benjaminpetrvald.cz\/index.php?rest_route=\/wp\/v2\/pages"}],"about":[{"href":"https:\/\/www.benjaminpetrvald.cz\/index.php?rest_route=\/wp\/v2\/types\/page"}],"author":[{"embeddable":true,"href":"https:\/\/www.benjaminpetrvald.cz\/index.php?rest_route=\/wp\/v2\/users\/1"}],"replies":[{"embeddable":true,"href":"https:\/\/www.benjaminpetrvald.cz\/index.php?rest_route=%2Fwp%2Fv2%2Fcomments&post=946"}],"version-history":[{"count":3,"href":"https:\/\/www.benjaminpetrvald.cz\/index.php?rest_route=\/wp\/v2\/pages\/946\/revisions"}],"predecessor-version":[{"id":950,"href":"https:\/\/www.benjaminpetrvald.cz\/index.php?rest_route=\/wp\/v2\/pages\/946\/revisions\/950"}],"wp:attachment":[{"href":"https:\/\/www.benjaminpetrvald.cz\/index.php?rest_route=%2Fwp%2Fv2%2Fmedia&parent=946"}],"curies":[{"name":"wp","href":"https:\/\/api.w.org\/{rel}","templated":true}]}}