{"id":59,"date":"2016-05-15T21:38:06","date_gmt":"2016-05-15T19:38:06","guid":{"rendered":"https:\/\/www.benjaminpetrvald.cz\/?page_id=59"},"modified":"2026-04-01T15:57:11","modified_gmt":"2026-04-01T13:57:11","slug":"karvina","status":"publish","type":"page","link":"https:\/\/www.benjaminpetrvald.cz\/?page_id=59","title":{"rendered":"DOZP st\u0159edisko Karvin\u00e1"},"content":{"rendered":"\n<p><strong>Domov pro osoby se zdravotn\u00edm posti\u017een\u00edm Benjam\u00edn, p.o., st\u0159edisko Karvin\u00e1<\/strong><br>Vydmuchov 1834\/10a, 733 01 Karvin\u00e1 &#8211; Fry\u0161t\u00e1t, telefon: 558 841 007<\/p>\n\n\n\n<p><strong>\u017d\u00e1dosti o p\u0159ijet\u00ed a dal\u0161\u00ed p\u00edsemnosti odes\u00edlejte na adresu s\u00eddla organizace:<br><\/strong>Benjam\u00edn, p. o., Modr\u00e1 1705, 735 41 Pet\u0159vald<\/p>\n\n\n\n<h4 class=\"wp-block-heading\">Kontakty:<\/h4>\n\n\n\n<table id=\"tablepress-5\" class=\"tablepress tablepress-id-5\">\n<thead>\n<tr class=\"row-1\">\n\t<td class=\"column-1\"><\/td>\n<\/tr>\n<\/thead>\n<tbody class=\"row-hover\">\n<tr class=\"row-2\">\n\t<td class=\"column-1\">Vedouc\u00ed st\u0159ediska Karvin\u00e1 Benjam\u00edn, p.o.: Bc. \u0160\u00e1rka Kaniov\u00e1<\/td>\n<\/tr>\n<tr class=\"row-3\">\n\t<td class=\"column-1\">benjamin.kaniova@seznam.cz, 739 384 606<\/td>\n<\/tr>\n<tr class=\"row-4\">\n\t<td class=\"column-1\">soci\u00e1ln\u00ed pracovn\u00edci<\/td>\n<\/tr>\n<tr class=\"row-5\">\n\t<td class=\"column-1\">Bc. Michaela Ko\u0161\u0165\u00e1lov\u00e1, Mgr. Bc. Iveta Pietruchov\u00e1 558 841 007<\/td>\n<\/tr>\n<\/tbody>\n<\/table>\n<!-- #tablepress-5 from cache -->\n\n\n\n<p>Doporu\u010dujeme si sch\u016fzku dohodnout p\u0159edem telefonicky nebo e-mailem, aby V\u00e1m mohl b\u00fdt soci\u00e1ln\u00ed pracovn\u00edk pln\u011b k dispozici.<\/p>\n\n\n\n<h4 class=\"wp-block-heading\">Ve\u0159ejn\u00fd z\u00e1vazek:<\/h4>\n\n\n\n<p class=\"has-text-align-center\"><strong>MOTTO: \u201eNenacvi\u010dujeme b\u011b\u017en\u00fd \u017eivot &#8211; my ho \u017eijeme!\u201c<\/strong><\/p>\n\n\n\n<h4 class=\"wp-block-heading\">POSL\u00c1N\u00cd<\/h4>\n\n\n\n<p>Posl\u00e1n\u00edm slu\u017eby domov pro osoby se zdravotn\u00edm posti\u017een\u00edm Benjam\u00edn v Karvin\u00e9 je pomoci dosp\u011bl\u00fdm lidem s ment\u00e1ln\u00edm a kombinovan\u00fdm posti\u017een\u00edm \u017e\u00edt smyslupln\u00fd \u017eivot na z\u00e1klad\u011b sv\u00fdch rozhodnut\u00ed. S respektem a individu\u00e1ln\u00edm p\u0159\u00edstupem ke ka\u017ed\u00e9mu z nich usilujeme o jejich za\u010dle\u0148ov\u00e1n\u00ed do spole\u010dnosti, rozv\u00edjen\u00ed jejich schopnost\u00ed a dovednost\u00ed, pracovn\u00edch aktivit, prov\u00e1zen\u00ed v rizikov\u00fdch situac\u00edch, zvy\u0161ov\u00e1n\u00ed jejich sob\u011bsta\u010dnosti, vytv\u00e1\u0159en\u00ed bezpe\u010dn\u00e9ho dom\u00e1c\u00edho prost\u0159ed\u00ed a podporu k navazov\u00e1n\u00ed zdrav\u00fdch mezilidsk\u00fdch vztah\u016f.<\/p>\n\n\n\n<h4 class=\"wp-block-heading\">C\u00cdLE<\/h4>\n\n\n\n<ul class=\"wp-block-list\">\n<li>Lid\u00e9, kte\u0159\u00ed vyu\u017e\u00edvaj\u00ed slu\u017ebu v Benjam\u00ednu v Karvin\u00e9, se za\u010dle\u0148uj\u00ed do b\u011b\u017en\u00e9ho \u017eivota, seberealizuj\u00ed se v osobn\u00edm \u017eivot\u011b i pracovn\u00edch aktivit\u00e1ch a aktivn\u011b se zapojuj\u00ed do p\u00e9\u010de o vlastn\u00ed osobu i dom\u00e1cnost.<\/li>\n\n\n\n<li>Lid\u00e9 maj\u00ed mo\u017enost pro\u017e\u00edvat p\u0159irozen\u00e9 vztahy, nejsou izolov\u00e1ni, a jsou podporov\u00e1ni ve sv\u00fdch volno\u010dasov\u00fdch a spole\u010densk\u00fdch aktivit\u00e1ch.<\/li>\n\n\n\n<li>Organizace si stanovuje tak\u00e9 kr\u00e1tkodob\u00e9 c\u00edle na aktu\u00e1ln\u00ed rok, s nimi\u017e je mo\u017en\u00e9 se sezn\u00e1mit na webov\u00fdch str\u00e1nk\u00e1ch organizace a ve v\u00fdro\u010dn\u00edch zpr\u00e1v\u00e1ch.<\/li>\n<\/ul>\n\n\n\n<h4 class=\"wp-block-heading\">Z\u00c1SADY<\/h4>\n\n\n\n<ul>\n<li>Komunikace<br>Ka\u017ed\u00fd \u010dlov\u011bk m\u00e1 nastaven\u00fd individu\u00e1ln\u00ed zp\u016fsob komunikace, kter\u00e9mu rozum\u00ed. Vyu\u017e\u00edv\u00e1me alternativn\u00ed formy komunikace dle jejich pot\u0159eb, mo\u017enost\u00ed a schopnost\u00ed (nap\u0159. obr\u00e1zky, p\u0159edm\u011bty, fotografie, manu\u00e1ln\u00ed znaky).<\/li>\n<li>Podpora k b\u011b\u017en\u00e9mu \u017eivotu<br>Chceme, aby mohli lid\u00e9 pro\u017e\u00edvat b\u011b\u017en\u00e9 \u017eivotn\u00ed situace dle sv\u00e9 v\u016fle, sv\u00fdch mo\u017enost\u00ed, schopnost\u00ed a dovednost\u00ed. Na z\u00e1klad\u011b individu\u00e1ln\u00edho vyhodnocen\u00ed pot\u0159eb \u010dlov\u011bka mu poskytujeme takovou m\u00edru podpory, kterou pot\u0159ebuje v r\u016fzn\u00fdch oblastech sv\u00e9ho \u017eivota, s ohledem na jeho schopnosti, mo\u017enosti, pot\u0159eby, p\u0159\u00e1n\u00ed a p\u0159edstavy.<\/li>\n<li>Respekt a partnersk\u00fd p\u0159\u00edstup<br>V ka\u017ed\u00e9 situaci p\u0159istupujeme k lidem s respektem k jejich v\u011bku, podporujeme je v rozhodov\u00e1n\u00ed se a p\u0159ij\u00edm\u00e1n\u00ed odpov\u011bdnosti za vlastn\u00ed \u017eivot. Dom\u00e1cnost, kde \u010dlov\u011bk \u017eije, je jeho domovem.<\/li>\n<li>Podpora osobn\u00edch vztah\u016f<br>Podporujeme lidi a jejich bl\u00edzk\u00e9 v udr\u017eov\u00e1n\u00ed vz\u00e1jemn\u00fdch vazeb \u010di jejich navazov\u00e1n\u00ed, a zapojujeme je do \u0159e\u0161en\u00ed b\u011b\u017en\u00fdch z\u00e1le\u017eitost\u00ed.<\/li>\n<\/ul>\n\n\n\n<h4 class=\"wp-block-heading\">Okruh osob<\/h4>\n\n\n\n<ul class=\"wp-block-list\">\n<li>Dosp\u011bl\u00ed lid\u00e9 se st\u0159edn\u011b t\u011b\u017ek\u00fdm, t\u011b\u017ek\u00fdm, hlubok\u00fdm ment\u00e1ln\u00edm posti\u017een\u00edm do 64 let v\u011bku, kte\u0159\u00ed pot\u0159ebuj\u00ed celodenn\u00ed pomoc p\u0159i zvl\u00e1d\u00e1n\u00ed \u010dinnost\u00ed ka\u017edodenn\u00edho \u017eivota. Ment\u00e1ln\u00ed posti\u017een\u00ed m\u016f\u017ee b\u00fdt kombinov\u00e1no s t\u011blesn\u00fdm a smyslov\u00fdm posti\u017een\u00edm.<\/li>\n\n\n\n<li>V za\u0159\u00edzen\u00ed \u017eije n\u011bkolik klient\u016f s PAS a du\u0161evn\u00edm onemocn\u011bn\u00edm, kter\u00fdm hled\u00e1me slu\u017ebu, odpov\u00eddaj\u00edc\u00ed jejich pot\u0159eb\u00e1m, nyn\u00ed je slu\u017eba jejich domovem. Nov\u00e9 \u017eadatele s t\u00edmto posti\u017een\u00edm nep\u0159ij\u00edm\u00e1me z d\u016fvodu zam\u011b\u0159en\u00ed na jinou c\u00edlovou skupinu.<\/li>\n<\/ul>\n\n\n\n<h4 class=\"wp-block-heading\">Slu\u017ebu neposkytujeme<\/h4>\n\n\n\n<ul class=\"wp-block-list\">\n<li>osob\u00e1m, kter\u00e9 jsou v\u00fdznamn\u011b omezeny v&nbsp;mobilit\u011b a nejsou schopny samostatn\u00e9ho pohybu (nap\u0159. upout\u00e1ny na l\u016f\u017eko, vyu\u017e\u00edvaj\u00ed zdravotn\u00ed ko\u010d\u00e1r, mechanick\u00fd voz\u00edk apod.) z&nbsp;d\u016fvodu technick\u00fdch limit\u016f. slu\u017eby<\/li>\n\n\n\n<li>osob\u00e1m, jejich\u017e zdravotn\u00ed stav vy\u017eaduje speci\u00e1ln\u00ed zdravotnick\u00e9 p\u0159\u00edstroje a za\u0159\u00edzen\u00ed a&nbsp;st\u00e1lou l\u00e9ka\u0159skou p\u00e9\u010di<\/li>\n\n\n\n<li>osob\u00e1m z&nbsp;poruchou autistick\u00e9ho spektra<\/li>\n<\/ul>\n\n\n\n<h4 class=\"wp-block-heading\">Dal\u0161\u00ed informace o poskytovan\u00e9 slu\u017eb\u011b:<\/h4>\n\n\n\n<ul class=\"wp-block-list\">\n<li>Domov Benjam\u00edn v Karvin\u00e9 je novou zrekonstruovanou bezbari\u00e9rovou budovou, k dispozici je tak\u00e9 v\u00fdtah do 1. patra.<\/li>\n\n\n\n<li>Domov m\u00e1 3 bezbari\u00e9rov\u00e9 dom\u00e1cnosti.<\/li>\n<\/ul>\n\n\n\n<ul class=\"wp-block-list\">\n<li><strong>Dom\u00e1cnost Dole<\/strong> se nach\u00e1z\u00ed v p\u0159\u00edzem\u00ed, m\u00e1 vlastn\u00ed terasu, 4 jednol\u016f\u017ekov\u00e9 pokoje a&nbsp;1 dvoul\u016f\u017ekov\u00fd pokoj. Spole\u010dn\u00fd maj\u00ed lid\u00e9 ob\u00fdvac\u00ed pokoj s kuchy\u0148sk\u00fdm koutem vybaven\u00fdm ve\u0161ker\u00fdmi dom\u00e1c\u00edmi spot\u0159ebi\u010di (mikrovlnou troubu, elektrickou troubu, varnou konvic\u00ed, my\u010dkou, lednic\u00ed). Na dom\u00e1cnosti jsou dv\u011b koupelny se sprchovac\u00edm koutem a WC, pra\u010dka, su\u0161i\u010dka.<\/li>\n\n\n\n<li><strong>Dom\u00e1cnost Oran\u017eov\u00e1<\/strong> se nach\u00e1z\u00ed v 1. pat\u0159e, kam se lid\u00e9 dostanou v\u00fdtahem, nebo&nbsp;po schodi\u0161ti. Dom\u00e1cnost je situov\u00e1na podobn\u011b jako dom\u00e1cnost Dole. Lid\u00e9 zde \u017eij\u00ed&nbsp;ve 4 jednol\u016f\u017ekov\u00fdch pokoj\u00edch a 1 dvoul\u016f\u017ekov\u00e9m pokoji. Maj\u00ed spole\u010dn\u00fd ob\u00fdvac\u00ed pokoj&nbsp;s kuchyn\u00ed, kde maj\u00ed k dispozici ve\u0161ker\u00e9 vybaven\u00ed b\u011b\u017en\u00e9 dom\u00e1cnosti (mikrovlnou troubu, elektrickou troubu, varnou konev, my\u010dku, lednici). Na dom\u00e1cnosti jsou dv\u011b koupelny, dv\u011b WC. Pra\u010dka a su\u0161i\u010dka.<\/li>\n\n\n\n<li><strong>Dom\u00e1cnost \u017dlut\u00e1<\/strong> se nach\u00e1z\u00ed v 1. pat\u0159e, naproti dom\u00e1cnosti Oran\u017eov\u00e9. Jsou zde k dispozici 4 jednol\u016f\u017ekov\u00e9 a 1 dvoul\u016f\u017ekov\u00fd pokoj. V ob\u00fdvac\u00edm pokoji je televize a sedac\u00ed souprava. Kuchy\u0148 je vybavena b\u011b\u017en\u00fdmi dom\u00e1c\u00edmi spot\u0159ebi\u010di (mikrovlnn\u00e1 trouba, elektrick\u00e1 trouba, varn\u00e1 konev, my\u010dka, lednice). Dom\u00e1cnost je d\u00e1le vybavena dv\u011bma koupelnami, WC, pra\u010dkou a su\u0161i\u010dkou.<\/li>\n<\/ul>\n\n\n\n<ul class=\"wp-block-list\">\n<li>Pokoje maj\u00ed lid\u00e9 vybaveny klasick\u00fdm n\u00e1bytkem, podobn\u011b jako v b\u011b\u017en\u00e9 dom\u00e1cnosti \u2013 postel s matrac\u00ed, \u0161atn\u00ed sk\u0159\u00edn\u011b, komody, st\u016fl a \u017eidle a dal\u0161\u00ed osobn\u00ed v\u011bci, dle individu\u00e1ln\u00ed pot\u0159eby konkr\u00e9tn\u00edch \u010dlov\u011bka.<\/li>\n\n\n\n<li>Pran\u00ed pr\u00e1dla je zaji\u0161\u0165ov\u00e1no v r\u00e1mci n\u00e1cviku p\u0159\u00edmo na dom\u00e1cnostech pracovn\u00edky spolu s lidmi, kte\u0159\u00ed zde \u017eij\u00ed a kte\u0159\u00ed jsou podporov\u00e1ni tak\u00e9 v jin\u00fdch b\u011b\u017en\u00fdch dom\u00e1c\u00edch prac\u00edch.<\/li>\n\n\n\n<li>Zaji\u0161t\u011bny jsou sn\u00eddan\u011b, ob\u011bd, ve\u010de\u0159e, sva\u010diny, pitn\u00fd re\u017eim.<\/li>\n\n\n\n<li>Strava je do domova dov\u00e1\u017eena a serv\u00edrov\u00e1na v jednotliv\u00fdch dom\u00e1cnostech dle pot\u0159eb lid\u00ed, p\u0159i\u010dem\u017e lidem jsou nab\u00edzeny mo\u017enosti zapojit se \u010di \u00fa\u010dastnit se p\u0159\u00edpravy j\u00eddla p\u0159\u00edmo&nbsp;na dom\u00e1cnostech &#8211; za podpory person\u00e1lu (sn\u00eddan\u011b, sva\u010diny, ve\u010de\u0159e).<\/li>\n\n\n\n<li>Strava je poskytov\u00e1na dle individu\u00e1ln\u00edch pot\u0159eb lid\u00ed (dieta, \u00faprava j\u00eddla, mo\u017enost odhl\u00e1sit stravu, mo\u017enost p\u0159ipravit si j\u00eddlo z individu\u00e1ln\u011b nakoupen\u00fdch surovin atd.).<\/li>\n\n\n\n<li>D\u016fraz klademe na spolupr\u00e1ci s rodinami a opatrovn\u00edky lid\u00ed, kte\u0159\u00ed u n\u00e1s \u017eij\u00ed, zapojujeme je&nbsp;do d\u011bn\u00ed v domov\u011b, do pl\u00e1nov\u00e1n\u00ed slu\u017eby spole\u010dn\u011b s jejich bl\u00edzk\u00fdmi.<\/li>\n\n\n\n<li>S lidmi, kte\u0159\u00ed zde \u017eij\u00ed, komunikujeme zp\u016fsoby, kter\u00fdm rozum\u00ed, na z\u00e1klad\u011b individualit ka\u017ed\u00e9ho jedince. K tomuto je vyu\u017e\u00edv\u00e1na Alternativn\u00ed a augmentativn\u00ed komunikace, podporov\u00e1na extern\u00edm pracovn\u00edkem (forma komunikace pomoc\u00ed p\u0159edm\u011btu, obr\u00e1zku, piktogramu, hlasov\u00e9ho komunik\u00e1toru apod.).<\/li>\n\n\n\n<li>Pomoc a podporu lidem poskytuj\u00ed pracovn\u00edci v soci\u00e1ln\u00edch slu\u017eb\u00e1ch. V p\u0159\u00edpad\u011b pot\u0159eby, je k dispozici zdravotnick\u00fd person\u00e1l. Domov je v bl\u00edzkosti Nemocnice s poliklinikou Karvin\u00e1-R\u00e1j, pro p\u0159\u00edpad n\u00e1hl\u00e9 zm\u011bny zdravotn\u00edho stavu nebo pot\u0159eby odborn\u00e9 l\u00e9ka\u0159sk\u00e9 p\u00e9\u010de.<\/li>\n\n\n\n<li>Lidem, kte\u0159\u00ed zde bydl\u00ed, je v\u011bnov\u00e1na individu\u00e1ln\u00ed podpora, d\u00e1v\u00e1me lidem mo\u017enost \u017e\u00edt&nbsp;co nejb\u011b\u017en\u011bj\u0161\u00ed \u017eivot, bl\u00edzk\u00fd jejich vrstevn\u00edk\u016f, podporujeme lidi v sob\u011bsta\u010dnosti a samostatnosti, nab\u00edz\u00edme podporu p\u0159i n\u00e1cviku sebeobslu\u017en\u00fdch aktivit, podporujeme lidi v za\u010dle\u0148ov\u00e1n\u00ed do spole\u010dnosti, tr\u00e1v\u00edme \u010das venku, spole\u010dn\u011b nakupujeme, nav\u0161t\u011bvujeme tematick\u00e9 trhy apod.<\/li>\n\n\n\n<li>K lidem p\u0159istupujeme na z\u00e1klad\u011b zji\u0161t\u011bn\u00fdch a vyhodnocen\u00fdch pot\u0159eb, v\u017edy individu\u00e1ln\u011b podle pot\u0159eb ka\u017ed\u00e9ho jedince.<\/li>\n<\/ul>\n\n\n\n<h4 class=\"wp-block-heading\">Sazebn\u00edk \u00fahrad:<\/h4>\n\n\n\n<p>\u00dahrada za stravu je stanovena stravovac\u00ed jednotkou x po\u010det dn\u00ed v dan\u00e9m m\u011bs\u00edci.<\/p>\n\n\n\n<figure class=\"wp-block-table is-style-stripes\"><table><thead><tr><th class=\"has-text-align-left\" data-align=\"left\">Stravovac\u00ed jednotka \/ den<\/th><\/tr><\/thead><tbody><tr><td class=\"has-text-align-left\" data-align=\"left\">246,-<\/td><\/tr><\/tbody><\/table><\/figure>\n\n\n\n<p>\u00dahrada za p\u00e9\u010di je stanovena ve v\u00fd\u0161i p\u0159\u00edsp\u011bvku na p\u00e9\u010di<\/p>\n\n\n\n<p>\u00dahrada za bydlen\u00ed je stanovena \u00fahradou za pokoj x po\u010det dn\u00ed v dan\u00e9m m\u011bs\u00edci.<\/p>\n\n\n\n<figure class=\"wp-block-table is-style-stripes\"><table><thead><tr><th class=\"has-text-align-left\" data-align=\"left\">Druh pokoje<\/th><th class=\"has-text-align-left\" data-align=\"left\">\u00dahrada za pokoj \/ den<\/th><\/tr><\/thead><tbody><tr><td class=\"has-text-align-left\" data-align=\"left\">Jednol\u016f\u017ekov\u00fd pokoj<\/td><td class=\"has-text-align-left\" data-align=\"left\">380,-<\/td><\/tr><tr><td class=\"has-text-align-left\" data-align=\"left\">Dvoul\u016f\u017ekov\u00fd pokoj<\/td><td class=\"has-text-align-left\" data-align=\"left\">335,-<\/td><\/tr><\/tbody><\/table><\/figure>\n\n\n\n<p><strong>\u00dahrada za stravu a bydlen\u00ed se sn\u00ed\u017e\u00ed<\/strong>: pokud by byl z\u016fstatek p\u0159\u00edjmu u\u017eivatele (starobn\u00ed, invalidn\u00ed d\u016fchod) po \u00fahrad\u011b za stravu a bydlen\u00ed ni\u017e\u0161\u00ed ne\u017e 15% z jeho p\u0159\u00edjmu a dolo\u017e\u00ed v\u00fd\u0161i sv\u00e9ho p\u0159\u00edjmu.<\/p>\n\n\n\n<h4 class=\"wp-block-heading\">Domov Benjam\u00edn Karvin\u00e1<\/h4>\n\n\n<div class=\"wp-block-image\">\n<figure class=\"aligncenter\"><img decoding=\"async\" src=\"https:\/\/www.benjaminpetrvald.cz\/wp-content\/gallery\/Karvina\/str-gal-1.jpg\" alt=\"str-gal-1\"\/><\/figure><\/div>\n\n\n<p class=\"has-text-align-center\">U\u017eivatel\u00e9 vyu\u017e\u00edvaj\u00ed m\u00edstnost pro muzikoterapii, zahradu s posezen\u00edm, houpa\u010dkou a baz\u00e9nem.<\/p>\n\n\n\n<figure class=\"wp-block-image\"><a href=\"https:\/\/www.benjaminpetrvald.cz\/wp-content\/uploads\/2016\/05\/kar-muzi-01.jpg\"><img loading=\"lazy\" decoding=\"async\" width=\"300\" height=\"225\" src=\"https:\/\/www.benjaminpetrvald.cz\/wp-content\/uploads\/2016\/05\/kar-muzi-01-300x225.jpg\" alt=\"kar-muzi-01\" class=\"wp-image-593\" srcset=\"https:\/\/www.benjaminpetrvald.cz\/wp-content\/uploads\/2016\/05\/kar-muzi-01-300x225.jpg 300w, https:\/\/www.benjaminpetrvald.cz\/wp-content\/uploads\/2016\/05\/kar-muzi-01.jpg 693w\" sizes=\"auto, (max-width: 300px) 100vw, 300px\" \/><\/a><\/figure>\n\n\n\n<p class=\"has-text-align-center\"><\/p>\n\n\n\n<h4 class=\"wp-block-heading\">Fotografie:<\/h4>\n\n\n\nngg_shortcode_0_placeholder\n","protected":false},"excerpt":{"rendered":"<p>Domov pro osoby se zdravotn\u00edm posti\u017een\u00edm Benjam\u00edn, p.o., st\u0159edisko Karvin\u00e1Vydmuchov 1834\/10a, 733 01 Karvin\u00e1 &#8211; Fry\u0161t\u00e1t, telefon: 558 841 007 \u017d\u00e1dosti o p\u0159ijet\u00ed a dal\u0161\u00ed p\u00edsemnosti odes\u00edlejte na adresu s\u00eddla organizace:Benjam\u00edn, p. o., Modr\u00e1 1705, 735 41 Pet\u0159vald Kontakty: Doporu\u010dujeme si sch\u016fzku dohodnout p\u0159edem telefonicky nebo e-mailem, aby V\u00e1m mohl b\u00fdt soci\u00e1ln\u00ed pracovn\u00edk pln\u011b k dispozici. Ve\u0159ejn\u00fd z\u00e1vazek: MOTTO: \u201eNenacvi\u010dujeme b\u011b\u017en\u00fd \u017eivot &#8211; my ho \u017eijeme!\u201c POSL\u00c1N\u00cd Posl\u00e1n\u00edm slu\u017eby domov pro osoby se zdravotn\u00edm posti\u017een\u00edm Benjam\u00edn v Karvin\u00e9 je pomoci dosp\u011bl\u00fdm lidem s ment\u00e1ln\u00edm a kombinovan\u00fdm posti\u017een\u00edm \u017e\u00edt smyslupln\u00fd \u017eivot na z\u00e1klad\u011b sv\u00fdch rozhodnut\u00ed. S respektem a individu\u00e1ln\u00edm p\u0159\u00edstupem ke&#8230; <\/p>\n","protected":false},"author":1,"featured_media":0,"parent":0,"menu_order":0,"comment_status":"closed","ping_status":"closed","template":"no-sidebar.php","meta":{"ngg_post_thumbnail":0,"footnotes":""},"class_list":["post-59","page","type-page","status-publish","hentry"],"_links":{"self":[{"href":"https:\/\/www.benjaminpetrvald.cz\/index.php?rest_route=\/wp\/v2\/pages\/59","targetHints":{"allow":["GET"]}}],"collection":[{"href":"https:\/\/www.benjaminpetrvald.cz\/index.php?rest_route=\/wp\/v2\/pages"}],"about":[{"href":"https:\/\/www.benjaminpetrvald.cz\/index.php?rest_route=\/wp\/v2\/types\/page"}],"author":[{"embeddable":true,"href":"https:\/\/www.benjaminpetrvald.cz\/index.php?rest_route=\/wp\/v2\/users\/1"}],"replies":[{"embeddable":true,"href":"https:\/\/www.benjaminpetrvald.cz\/index.php?rest_route=%2Fwp%2Fv2%2Fcomments&post=59"}],"version-history":[{"count":39,"href":"https:\/\/www.benjaminpetrvald.cz\/index.php?rest_route=\/wp\/v2\/pages\/59\/revisions"}],"predecessor-version":[{"id":1911,"href":"https:\/\/www.benjaminpetrvald.cz\/index.php?rest_route=\/wp\/v2\/pages\/59\/revisions\/1911"}],"wp:attachment":[{"href":"https:\/\/www.benjaminpetrvald.cz\/index.php?rest_route=%2Fwp%2Fv2%2Fmedia&parent=59"}],"curies":[{"name":"wp","href":"https:\/\/api.w.org\/{rel}","templated":true}]}}