{"id":502,"date":"2016-10-16T14:49:05","date_gmt":"2016-10-16T12:49:05","guid":{"rendered":"https:\/\/www.benjaminpetrvald.cz\/?page_id=502"},"modified":"2025-11-25T10:13:06","modified_gmt":"2025-11-25T09:13:06","slug":"prohlaseni-k-protokolu-sexuality","status":"publish","type":"page","link":"https:\/\/www.benjaminpetrvald.cz\/?page_id=502","title":{"rendered":"Prohl\u00e1\u0161en\u00ed k protokolu sexuality"},"content":{"rendered":"<p><strong>Prohl\u00e1\u0161en\u00ed o postoj\u00edch k&nbsp;problematice sexuality v&nbsp;Benjam\u00ednu<\/strong><\/p>\n<p>Sexualita je ned\u00edlnou sou\u010d\u00e1st\u00ed \u017eivota \u010dlov\u011bka, proto by m\u011bl m\u00edt ka\u017ed\u00fd mo\u017enost b\u00fdt o tomto t\u00e9matu p\u0159im\u011b\u0159enou formou informov\u00e1n. Prost\u0159ednictv\u00edm p\u0159ed\u00e1van\u00fdch informac\u00ed o sexualit\u011b chceme v\u00e9st u\u017eivatele v Benjam\u00ednu k tomu, aby um\u011bli dle sv\u00fdch mo\u017enost\u00ed a schopnost\u00ed navazovat kamar\u00e1dsk\u00e9 a p\u0159\u00e1telsk\u00e9 vztahy a p\u0159\u00edpadn\u011b je d\u00e1le rozv\u00edjet.<br \/>\nPracovn\u00edci Benjam\u00ednu jsou seznamov\u00e1ni se z\u00e1kladn\u00edmi pojmy a p\u0159\u00edstupy k sexualit\u011b a spolupracuj\u00ed na tvorb\u011b a aktualizac\u00edch Protokolu o sexualit\u011b, vztaz\u00edch a prevenci zneu\u017e\u00edv\u00e1n\u00ed a jsou vedeni k&nbsp;jeho aktivn\u00edmu vyu\u017e\u00edv\u00e1n\u00ed p\u0159i ka\u017edodenn\u00ed pr\u00e1ci s u\u017eivateli. Pracovn\u00edci jsou pravideln\u011b pro\u0161kolov\u00e1n\u00ed v&nbsp;oblasti problematiky sexuality u osob se zdravotn\u00edm posti\u017een\u00edm, maj\u00ed mo\u017enost \u0159e\u0161it ot\u00e1zky t\u00fdkaj\u00edc\u00ed se tohoto t\u00e9matu na sch\u016fzk\u00e1ch t\u00fdmu pracovn\u00edk\u016f dan\u00e9 dom\u00e1cnosti, p\u0159\u00edpadn\u011b je konzultovat s veden\u00edm organizace nebo rodi\u010di \u010di z\u00e1konn\u00fdmi z\u00e1stupci, \u010di extern\u00edmi podporovateli.<\/p>\n<p>U\u017eivatel\u00e9 Benjam\u00ednu, kte\u0159\u00ed pot\u0159ebuj\u00ed v&nbsp;t\u00e9to oblasti podporu zpracovanou&nbsp;formou AAK maj\u00ed na z\u00e1klad\u011b Protokolu sexuality v&nbsp;alternativn\u00ed podob\u011b (p\u0159\u00edloha Protokolu) vytvo\u0159enou individualizovanou verzi, kter\u00e1 je odrazem jejich konkr\u00e9tn\u00edch pot\u0159eb v&nbsp;oblasti sexuality a intimity. &nbsp;Ve slu\u017eb\u011b DOZP Pet\u0159vald je zastoupena sexu\u00e1ln\u00ed d\u016fv\u011brnice, kter\u00e1 je \u010dlenkou setk\u00e1v\u00e1n\u00ed Skupiny pro sexu\u00e1ln\u00ed d\u016fv\u011brn\u00edky. Z\u00edskan\u00e9 poznatky p\u0159en\u00e1\u0161\u00ed do praxe a&nbsp;p\u0159\u00edpad\u011b pot\u0159eby v&nbsp;oblasti sexuality u u\u017eivatele s&nbsp;n\u00edm \u00fazce pracuje.<\/p>\n<p>Protokol o sexualit\u011b, vztaz\u00edch a prevenci zneu\u017e\u00edv\u00e1n\u00ed v&nbsp;za\u0159\u00edzen\u00ed Benjam\u00edn obsahuje:<\/p>\n<ul>\n<li>Seznamov\u00e1n\u00ed u\u017eivatel\u016f s t\u00e9maty souvisej\u00edc\u00edmi se sexualitou a vztahy v jednotliv\u00fdch v\u011bkov\u00fdch kategori\u00edch<\/li>\n<li>Postoje pracovn\u00edk\u016f za\u0159\u00edzen\u00ed Benjam\u00edn k n\u011bkter\u00fdm t\u00e9mat\u016fm spojen\u00fdm se sexualitou (nap\u0159. nahota, masturbace, intimn\u00ed pom\u016fcky a materi\u00e1ly, vrstevnick\u00e9 a p\u0159\u00e1telsk\u00e9 vztahy a jejich rozvoj, antikoncepce, pl\u00e1novan\u00e9 rodi\u010dovstv\u00ed, ochrana p\u0159ed chorobami a zran\u011bn\u00edmi souvisej\u00edc\u00edmi se sexu\u00e1ln\u00edm chov\u00e1n\u00edm, nevhodn\u00e9 sexu\u00e1ln\u00ed chov\u00e1n\u00ed, sexu\u00e1ln\u00ed zneu\u017e\u00edv\u00e1n\u00ed, a dal\u0161\u00ed)<\/li>\n<li>Pr\u00e1va, povinnosti a zodpov\u011bdnost zam\u011bstnanc\u016f, u\u017eivatel\u016f, z\u00e1konn\u00fdch z\u00e1stupc\u016f a ostatn\u00edch z\u00fa\u010dastn\u011bn\u00fdch v ot\u00e1zk\u00e1ch sexuality a vztah\u016f<\/li>\n<li>Pou\u017e\u00edvan\u00e9 pojmy k vymezen\u00ed<\/li>\n<li>Zdroje a odborn\u00e9 didaktick\u00e9 pom\u016fcky a materi\u00e1ly vyu\u017e\u00edvan\u00e9 p\u0159i pr\u00e1ci s&nbsp;u\u017eivateli<\/li>\n<li>P\u0159\u00edlohou jsou zjednodu\u0161en\u00e1 forma Protokolu o sexualit\u011b, vztaz\u00edch a prevenci zneu\u017e\u00edv\u00e1n\u00ed a Pravidla fyzick\u00e9ho kontaktu mezi pracovn\u00edkem a u\u017eivatelem<\/li>\n<\/ul>\n<p>D\u016fvodem pro vytvo\u0159en\u00ed Protokolu o sexualit\u011b, vztaz\u00edch a prevenci zneu\u017e\u00edv\u00e1n\u00ed je nastavit jednozna\u010dn\u00e9 kompetence a zajistit jednotn\u00fd p\u0159\u00edstup v\u0161ech zam\u011bstnanc\u016f k ot\u00e1zk\u00e1m souvisej\u00edc\u00edm se sexualitou u\u017eivatel\u016f, co\u017e je jedna ze z\u00e1kladn\u00edch oblast\u00ed jejich lidsk\u00fdch pr\u00e1v. C\u00edlem t\u011bchto aktivit a zpracovan\u00e9ho Protokolu sexuality a vztah\u016f v za\u0159\u00edzen\u00ed Benjam\u00edn je nejen ochrana pr\u00e1v u\u017eivatel\u016f, prevence negativn\u00edch jev\u016f souvisej\u00edc\u00edch s v\u00fd\u0161e uveden\u00fdm t\u00e9matem, eliminace hroz\u00edc\u00edch rizik a zaji\u0161t\u011bn\u00ed profesion\u00e1ln\u00edho p\u0159\u00edstupu pracovn\u00edk\u016f k dan\u00e9 problematice, ale tak\u00e9 ochrana pr\u00e1v pracovn\u00edk\u016f za\u0159\u00edzen\u00ed.<\/p>\n","protected":false},"excerpt":{"rendered":"<p>Prohl\u00e1\u0161en\u00ed o postoj\u00edch k&nbsp;problematice sexuality v&nbsp;Benjam\u00ednu Sexualita je ned\u00edlnou sou\u010d\u00e1st\u00ed \u017eivota \u010dlov\u011bka, proto by m\u011bl m\u00edt ka\u017ed\u00fd mo\u017enost b\u00fdt o tomto t\u00e9matu p\u0159im\u011b\u0159enou formou informov\u00e1n. Prost\u0159ednictv\u00edm p\u0159ed\u00e1van\u00fdch informac\u00ed o sexualit\u011b chceme v\u00e9st u\u017eivatele v Benjam\u00ednu k tomu, aby um\u011bli dle sv\u00fdch mo\u017enost\u00ed a schopnost\u00ed navazovat kamar\u00e1dsk\u00e9 a p\u0159\u00e1telsk\u00e9 vztahy a p\u0159\u00edpadn\u011b je d\u00e1le rozv\u00edjet. Pracovn\u00edci Benjam\u00ednu jsou seznamov\u00e1ni se z\u00e1kladn\u00edmi pojmy a p\u0159\u00edstupy k sexualit\u011b a spolupracuj\u00ed na tvorb\u011b a aktualizac\u00edch Protokolu o sexualit\u011b, vztaz\u00edch a prevenci zneu\u017e\u00edv\u00e1n\u00ed a jsou vedeni k&nbsp;jeho aktivn\u00edmu vyu\u017e\u00edv\u00e1n\u00ed p\u0159i ka\u017edodenn\u00ed pr\u00e1ci s u\u017eivateli. Pracovn\u00edci jsou pravideln\u011b pro\u0161kolov\u00e1n\u00ed v&nbsp;oblasti problematiky sexuality u osob se zdravotn\u00edm&#8230; <\/p>\n","protected":false},"author":1,"featured_media":0,"parent":0,"menu_order":0,"comment_status":"closed","ping_status":"closed","template":"full-width.php","meta":{"ngg_post_thumbnail":0,"footnotes":""},"class_list":["post-502","page","type-page","status-publish","hentry"],"_links":{"self":[{"href":"https:\/\/www.benjaminpetrvald.cz\/index.php?rest_route=\/wp\/v2\/pages\/502","targetHints":{"allow":["GET"]}}],"collection":[{"href":"https:\/\/www.benjaminpetrvald.cz\/index.php?rest_route=\/wp\/v2\/pages"}],"about":[{"href":"https:\/\/www.benjaminpetrvald.cz\/index.php?rest_route=\/wp\/v2\/types\/page"}],"author":[{"embeddable":true,"href":"https:\/\/www.benjaminpetrvald.cz\/index.php?rest_route=\/wp\/v2\/users\/1"}],"replies":[{"embeddable":true,"href":"https:\/\/www.benjaminpetrvald.cz\/index.php?rest_route=%2Fwp%2Fv2%2Fcomments&post=502"}],"version-history":[{"count":2,"href":"https:\/\/www.benjaminpetrvald.cz\/index.php?rest_route=\/wp\/v2\/pages\/502\/revisions"}],"predecessor-version":[{"id":1846,"href":"https:\/\/www.benjaminpetrvald.cz\/index.php?rest_route=\/wp\/v2\/pages\/502\/revisions\/1846"}],"wp:attachment":[{"href":"https:\/\/www.benjaminpetrvald.cz\/index.php?rest_route=%2Fwp%2Fv2%2Fmedia&parent=502"}],"curies":[{"name":"wp","href":"https:\/\/api.w.org\/{rel}","templated":true}]}}