{"id":50,"date":"2016-05-01T14:22:50","date_gmt":"2016-05-01T12:22:50","guid":{"rendered":"https:\/\/www.benjaminpetrvald.cz\/?page_id=50"},"modified":"2016-07-26T13:24:24","modified_gmt":"2016-07-26T11:24:24","slug":"projekt-porizeni-vozidel-do-socialnich-zarizeni","status":"publish","type":"page","link":"https:\/\/www.benjaminpetrvald.cz\/?page_id=50","title":{"rendered":"Projekt: Po\u0159\u00edzen\u00ed vozidel do soci\u00e1ln\u00edch za\u0159\u00edzen\u00ed"},"content":{"rendered":"<p>Dne 16. 11. 2015 obdr\u017eela organizace Benjam\u00edn od sv\u00e9ho z\u0159izovatele Moravskoslezsk\u00e9ho kraje \u00a0dva v\u00edcem\u00edstn\u00e9 automobily. Tato auta byla po\u0159\u00edzena v r\u00e1mci projektu realizovan\u00e9ho z opera\u010dn\u00edho programu\u00a0ROP NUTS II Moravskoslezsko 2007\u20132013. Bli\u017e\u0161\u00ed informace o projektu najdete na\u00a0<a href=\"http:\/\/www.msk.cz\/cz\/eu\/porizeni-vozidel-do-socialnich-zarizeni-55337\/\">http:\/\/www.msk.cz\/cz\/eu\/porizeni-vozidel-do-socialnich-zarizeni-55337\/<\/a><\/p>\n","protected":false},"excerpt":{"rendered":"<p>Dne 16. 11. 2015 obdr\u017eela organizace Benjam\u00edn od sv\u00e9ho z\u0159izovatele Moravskoslezsk\u00e9ho kraje \u00a0dva v\u00edcem\u00edstn\u00e9 automobily. Tato auta byla po\u0159\u00edzena v r\u00e1mci projektu realizovan\u00e9ho z opera\u010dn\u00edho programu\u00a0ROP NUTS II Moravskoslezsko 2007\u20132013. Bli\u017e\u0161\u00ed informace o projektu najdete na\u00a0http:\/\/www.msk.cz\/cz\/eu\/porizeni-vozidel-do-socialnich-zarizeni-55337\/<\/p>\n","protected":false},"author":1,"featured_media":0,"parent":0,"menu_order":0,"comment_status":"closed","ping_status":"closed","template":"full-width.php","meta":{"ngg_post_thumbnail":0,"footnotes":""},"class_list":["post-50","page","type-page","status-publish","hentry"],"_links":{"self":[{"href":"https:\/\/www.benjaminpetrvald.cz\/index.php?rest_route=\/wp\/v2\/pages\/50","targetHints":{"allow":["GET"]}}],"collection":[{"href":"https:\/\/www.benjaminpetrvald.cz\/index.php?rest_route=\/wp\/v2\/pages"}],"about":[{"href":"https:\/\/www.benjaminpetrvald.cz\/index.php?rest_route=\/wp\/v2\/types\/page"}],"author":[{"embeddable":true,"href":"https:\/\/www.benjaminpetrvald.cz\/index.php?rest_route=\/wp\/v2\/users\/1"}],"replies":[{"embeddable":true,"href":"https:\/\/www.benjaminpetrvald.cz\/index.php?rest_route=%2Fwp%2Fv2%2Fcomments&post=50"}],"version-history":[{"count":1,"href":"https:\/\/www.benjaminpetrvald.cz\/index.php?rest_route=\/wp\/v2\/pages\/50\/revisions"}],"predecessor-version":[{"id":51,"href":"https:\/\/www.benjaminpetrvald.cz\/index.php?rest_route=\/wp\/v2\/pages\/50\/revisions\/51"}],"wp:attachment":[{"href":"https:\/\/www.benjaminpetrvald.cz\/index.php?rest_route=%2Fwp%2Fv2%2Fmedia&parent=50"}],"curies":[{"name":"wp","href":"https:\/\/api.w.org\/{rel}","templated":true}]}}