{"id":485,"date":"2016-10-16T13:16:54","date_gmt":"2016-10-16T11:16:54","guid":{"rendered":"https:\/\/www.benjaminpetrvald.cz\/?page_id=485"},"modified":"2016-10-16T13:21:34","modified_gmt":"2016-10-16T11:21:34","slug":"dobrovolnictvi","status":"publish","type":"page","link":"https:\/\/www.benjaminpetrvald.cz\/?page_id=485","title":{"rendered":"Dobrovolnictv\u00ed"},"content":{"rendered":"<p>Dobrovolnickou slu\u017ebu v domov\u011b Benjam\u00edn zprost\u0159edkov\u00e1v\u00e1 od roku 2012 Dobrovolnick\u00e9 centrum ADRA Hav\u00ed\u0159ov. Dobrovoln\u00edci k n\u00e1m p\u0159ich\u00e1zej\u00ed na n\u00e1v\u0161t\u011bvu pravideln\u011b, v\u011bt\u0161inou jedenkr\u00e1t t\u00fddn\u011b, p\u0159in\u00e1\u0161ej\u00ed k n\u00e1m nov\u00e9 n\u00e1pady, nad\u0161en\u00ed, zku\u0161enosti, nab\u00edzej\u00ed u\u017eivatel\u016fm neform\u00e1ln\u00ed vztah a umo\u017e\u0148uj\u00ed jim kontakt s p\u0159irozen\u00fdm soci\u00e1ln\u00edm prost\u0159ed\u00edm.<\/p>\n<p>Pokud se chcete st\u00e1t na\u0161im dobrovoln\u00edkem, nev\u00e1hejte a obra\u0165te se na kontaktn\u00ed osoby pro dobrovoln\u00edky v na\u0161em za\u0159\u00edzen\u00ed:<\/p>\n<p><strong>Domov pro osoby se zdravotn\u00edm posti\u017een\u00edm pro d\u011bti v Hav\u00ed\u0159ov\u011b<\/strong><br \/>\nMgr. Ta\u0165\u00e1na Chmielov\u00e1<br \/>\n<a href=\"mailto:benjamin.chmielova@seznam.cz\">benjamin.chmielova@seznam.cz<\/a><br \/>\n<strong>mobil: 739 384 604<\/strong><\/p>\n<p><strong>Domov pro osoby se zdravotn\u00edm posti\u017een\u00edm pro dosp\u011bl\u00e9 v Pet\u0159valdu<\/strong><br \/>\nMgr. Monika Lacov\u00e1<br \/>\n<a href=\"mailto:benjamin.lacova@seznam.cz\">benjamin.lacova@seznam.cz<\/a><br \/>\n<strong>tel. \u010d\u00edslo: 596 541 149<\/strong><\/p>\n<p>Chcete-li se dozv\u011bd\u011bt v\u00edce o dobrovolnictv\u00ed, nav\u0161tivte webov\u00e9 str\u00e1nky www.adrahavirov.cz, kde najdete informace o dobrovolnick\u00fdch programech, o tom jak se st\u00e1t dobrovoln\u00edkem a aktu\u00e1ln\u00ed zpr\u00e1vy o d\u011bn\u00ed v dobrovolnick\u00e9m centru.<\/p>\n","protected":false},"excerpt":{"rendered":"<p>Dobrovolnickou slu\u017ebu v domov\u011b Benjam\u00edn zprost\u0159edkov\u00e1v\u00e1 od roku 2012 Dobrovolnick\u00e9 centrum ADRA Hav\u00ed\u0159ov. Dobrovoln\u00edci k n\u00e1m p\u0159ich\u00e1zej\u00ed na n\u00e1v\u0161t\u011bvu pravideln\u011b, v\u011bt\u0161inou jedenkr\u00e1t t\u00fddn\u011b, p\u0159in\u00e1\u0161ej\u00ed k n\u00e1m nov\u00e9 n\u00e1pady, nad\u0161en\u00ed, zku\u0161enosti, nab\u00edzej\u00ed u\u017eivatel\u016fm neform\u00e1ln\u00ed vztah a umo\u017e\u0148uj\u00ed jim kontakt s p\u0159irozen\u00fdm soci\u00e1ln\u00edm prost\u0159ed\u00edm. Pokud se chcete st\u00e1t na\u0161im dobrovoln\u00edkem, nev\u00e1hejte a obra\u0165te se na kontaktn\u00ed osoby pro dobrovoln\u00edky v na\u0161em za\u0159\u00edzen\u00ed: Domov pro osoby se zdravotn\u00edm posti\u017een\u00edm pro d\u011bti v Hav\u00ed\u0159ov\u011b Mgr. Ta\u0165\u00e1na Chmielov\u00e1 benjamin.chmielova@seznam.cz mobil: 739 384 604 Domov pro osoby se zdravotn\u00edm posti\u017een\u00edm pro dosp\u011bl\u00e9 v Pet\u0159valdu Mgr. Monika Lacov\u00e1 benjamin.lacova@seznam.cz tel. \u010d\u00edslo: 596 541 149 Chcete-li se dozv\u011bd\u011bt&#8230; <\/p>\n","protected":false},"author":1,"featured_media":0,"parent":0,"menu_order":0,"comment_status":"closed","ping_status":"closed","template":"full-width.php","meta":{"ngg_post_thumbnail":0,"footnotes":""},"class_list":["post-485","page","type-page","status-publish","hentry"],"_links":{"self":[{"href":"https:\/\/www.benjaminpetrvald.cz\/index.php?rest_route=\/wp\/v2\/pages\/485","targetHints":{"allow":["GET"]}}],"collection":[{"href":"https:\/\/www.benjaminpetrvald.cz\/index.php?rest_route=\/wp\/v2\/pages"}],"about":[{"href":"https:\/\/www.benjaminpetrvald.cz\/index.php?rest_route=\/wp\/v2\/types\/page"}],"author":[{"embeddable":true,"href":"https:\/\/www.benjaminpetrvald.cz\/index.php?rest_route=\/wp\/v2\/users\/1"}],"replies":[{"embeddable":true,"href":"https:\/\/www.benjaminpetrvald.cz\/index.php?rest_route=%2Fwp%2Fv2%2Fcomments&post=485"}],"version-history":[{"count":4,"href":"https:\/\/www.benjaminpetrvald.cz\/index.php?rest_route=\/wp\/v2\/pages\/485\/revisions"}],"predecessor-version":[{"id":490,"href":"https:\/\/www.benjaminpetrvald.cz\/index.php?rest_route=\/wp\/v2\/pages\/485\/revisions\/490"}],"wp:attachment":[{"href":"https:\/\/www.benjaminpetrvald.cz\/index.php?rest_route=%2Fwp%2Fv2%2Fmedia&parent=485"}],"curies":[{"name":"wp","href":"https:\/\/api.w.org\/{rel}","templated":true}]}}