{"id":459,"date":"2016-10-14T18:07:50","date_gmt":"2016-10-14T16:07:50","guid":{"rendered":"https:\/\/www.benjaminpetrvald.cz\/?page_id=459"},"modified":"2026-04-01T15:55:30","modified_gmt":"2026-04-01T13:55:30","slug":"dzr-petrvald","status":"publish","type":"page","link":"https:\/\/www.benjaminpetrvald.cz\/?page_id=459","title":{"rendered":"DZR Pet\u0159vald"},"content":{"rendered":"<p><strong>Domov se zvl\u00e1\u0161tn\u00edm re\u017eimem Benjam\u00edn<\/strong><\/p>\n<p>Modr\u00e1 1705, 735 41 Pet\u0159vald<strong>&nbsp;<\/strong><\/p>\n<table>\n<tbody>\n<tr>\n<td><a href=\"https:\/\/www.benjaminpetrvald.cz\/wp-content\/uploads\/2019\/01\/bepe01.jpg\"><img loading=\"lazy\" decoding=\"async\" class=\"aligncenter size-full wp-image-881\" src=\"https:\/\/www.benjaminpetrvald.cz\/wp-content\/uploads\/2019\/01\/bepe01.jpg\" alt=\"\" width=\"240\" height=\"160\"><\/a><\/td>\n<td><a href=\"https:\/\/www.benjaminpetrvald.cz\/wp-content\/uploads\/2019\/01\/bepe02.jpg\"><img loading=\"lazy\" decoding=\"async\" class=\"aligncenter size-full wp-image-882\" src=\"https:\/\/www.benjaminpetrvald.cz\/wp-content\/uploads\/2019\/01\/bepe02.jpg\" alt=\"\" width=\"240\" height=\"160\"><\/a><\/td>\n<\/tr>\n<\/tbody>\n<\/table>\n<h4>Kontakty<\/h4>\n<p><strong>Benjam\u00edn, p\u0159\u00edsp\u011bvkov\u00e1 organizace<br \/>\n<\/strong>Modr\u00e1 1705, 735 41 Pet\u0159vald<\/p>\n<p>\u0158editelka organizace: Mgr. Darja Kuncov\u00e1<br \/>\nTelefon: 603 431 935, e-mail: darja.kuncova@nas-benjamin.cz<\/p>\n<p>Soci\u00e1ln\u00ed pracovn\u00edk: Bc. Marcela \u0160ebestov\u00e1<br \/>\nTelefon: 596 541 149, e-mail: marcela.sebestova@nas-benjamin.cz<\/p>\n<p>Vedouc\u00ed domova se zvl\u00e1\u0161tn\u00edm re\u017eimem: Bc. Blanka \u0160m\u00eddov\u00e1<br \/>\nTelefon: 739 384 603, e-mail: blanka.smidova@nas-benjamin.cz<\/p>\n<h4>Posl\u00e1n\u00ed<\/h4>\n<p>Posl\u00e1n\u00edm Domova se zvl\u00e1\u0161tn\u00edm re\u017eimem je podporovat dosp\u011bl\u00e9 lidi s ment\u00e1ln\u00edm posti\u017een\u00edm a poruchami autistick\u00e9ho spektra v pro\u017e\u00edv\u00e1n\u00ed b\u011b\u017en\u00e9ho \u017eivota. S respektem a individu\u00e1ln\u00edm p\u0159\u00edstupem ke ka\u017ed\u00e9mu z nich usilujeme o jejich za\u010dle\u0148ov\u00e1n\u00ed do spole\u010dnosti, rozv\u00edjen\u00ed jejich schopnost\u00ed a dovednost\u00ed, prov\u00e1zen\u00ed v n\u00e1ro\u010dn\u00fdch situac\u00edch, zvy\u0161ov\u00e1n\u00ed jejich sob\u011bsta\u010dnosti, vytv\u00e1\u0159en\u00ed bezpe\u010dn\u00e9ho dom\u00e1c\u00edho prost\u0159ed\u00ed a podporu v navazov\u00e1n\u00ed mezilidsk\u00fdch vztah\u016f.<\/p>\n<h4>Slu\u017ebu poskytujeme<\/h4>\n<ul>\n<li>Dosp\u011bl\u00ed lid\u00e9 do 64&nbsp;let se st\u0159edn\u011b t\u011b\u017ek\u00fdm, t\u011b\u017ek\u00fdm a hlubok\u00fdm ment\u00e1ln\u00edm<strong>&nbsp;<\/strong>posti\u017een\u00edm a kombinovan\u00fdm posti\u017een\u00edm a sou\u010dasn\u011b s poruchami autistick\u00e9ho spektra, kte\u0159\u00ed v&nbsp;d\u016fsledku sv\u00e9ho posti\u017een\u00ed a specifick\u00fdch pot\u0159eb vy\u017eaduj\u00ed intenzivn\u00ed individu\u00e1ln\u00ed podporu a zvl\u00e1\u0161tn\u00ed podm\u00ednky poskytovan\u00e9 slu\u017eby.<\/li>\n<\/ul>\n<h4>Slu\u017ebu neposkytujeme<\/h4>\n<ul>\n<li>Osob\u00e1m, jejich\u017e zdravotn\u00ed stav vy\u017eaduje speci\u00e1ln\u00ed zdravotnick\u00e9 p\u0159\u00edstroje a za\u0159\u00edzen\u00ed a st\u00e1lou l\u00e9ka\u0159skou p\u00e9\u010di.<\/li>\n<\/ul>\n<h4>Z\u00e1sady, s nimi\u017e poskytujeme slu\u017ebu<\/h4>\n<ul>\n<li>Podpora b\u011b\u017en\u00e9ho zp\u016fsobu \u017eivota a mezilidsk\u00fdch vztah\u016f<br \/>\nChceme, aby mohli u\u017eivatel\u00e9 pro\u017e\u00edvat b\u011b\u017en\u00e9 \u017eivotn\u00ed situace (nap\u0159. p\u0159\u00edprava j\u00eddla, pran\u00ed pr\u00e1dla, \u00faklid, cestov\u00e1n\u00ed, n\u00e1kupy, pracovn\u00ed uplatn\u011bn\u00ed ad.) dle sv\u00e9 v\u016fle, sv\u00fdch mo\u017enost\u00ed a schopnost\u00ed a podporujeme je v tom; motivujeme u\u017eivatele k \u010dinnostem, kter\u00e9 zvy\u0161uj\u00ed jejich samostatnost. Nenahrazujeme vlastn\u00ed rodinu, ale naopak podporujeme u\u017eivatele a jejich bl\u00edzk\u00e9 (rodiny, p\u0159\u00e1tel\u00e9, partnery ad.) v udr\u017eov\u00e1n\u00ed vz\u00e1jemn\u00fdch vazeb \u010di jejich navazov\u00e1n\u00ed, zapojujeme je do \u0159e\u0161en\u00ed b\u011b\u017en\u00fdch z\u00e1le\u017eitost\u00ed u\u017eivatele i do d\u011bn\u00ed v na\u0161em za\u0159\u00edzen\u00ed<\/li>\n<li>Respekt k individualit\u011b ka\u017ed\u00e9ho u\u017eivatele\n<ul>\n<li>V ka\u017ed\u00e9 situaci usilujeme o napl\u0148ov\u00e1n\u00ed pot\u0159eb ka\u017ed\u00e9ho u\u017eivatele, a to s ohledem na jeho schopnosti a mo\u017enosti. Respektujeme jeho p\u0159\u00e1n\u00ed a po\u017eadavky. Na z\u00e1klad\u011b zji\u0161t\u011bn\u00fdch pot\u0159eb a po\u017eadavk\u016f stanovujeme individu\u00e1ln\u00ed osobn\u00ed c\u00edle. U ka\u017ed\u00e9ho u\u017eivatele praktikujeme alternativn\u00ed formy komunikace, abychom si rozum\u011bli vz\u00e1jemn\u011b, a abychom l\u00e9pe porozum\u011bli tomu, co si p\u0159ej\u00ed, s \u010d\u00edm souhlas\u00ed nebo nesouhlas\u00ed.<\/li>\n<li>V ka\u017ed\u00e9 situaci respektujeme pr\u00e1va a lidskou d\u016fstojnost u\u017eivatel\u016f a z\u00e1rove\u0148 je podporujeme v uv\u011bdomov\u00e1n\u00ed si vlastn\u00ed zodpov\u011bdnosti, a to i ve vztahu k druh\u00fdm; naslouch\u00e1me n\u00e1zor\u016fm u\u017eivatel\u016f.<\/li>\n<\/ul>\n<\/li>\n<li>Podpora komunikace<br \/>\nS u\u017eivateli komunikujeme zp\u016fsobem, kter\u00e9mu rozum\u00ed, vyu\u017e\u00edv\u00e1me alternativn\u00ed formy komunikace dle jejich pot\u0159eb, mo\u017enost\u00ed a schopnost\u00ed (nap\u0159. dorozum\u00edv\u00e1n\u00ed se prost\u0159ednictv\u00edm obr\u00e1zk\u016f, p\u0159edm\u011bt\u016f, fotografi\u00ed, zjednodu\u0161en\u00fdch manu\u00e1ln\u00edch znak\u016f ad.)<\/li>\n<li>Zvy\u0161ov\u00e1n\u00ed odbornosti<br \/>\nSt\u00e1le hled\u00e1me cesty, jak co nejl\u00e9pe poskytovat lidem, kte\u0159\u00ed vyu\u017e\u00edvaj\u00ed na\u0161i slu\u017ebu, podporu-bezpe\u010dn\u011b, kvalitn\u011b a profesion\u00e1ln\u011b. Pr\u016fb\u011b\u017en\u011b zvy\u0161ujeme sv\u00e9 vzd\u011bl\u00e1n\u00ed v problematice ment\u00e1ln\u00edho posti\u017een\u00ed, autismu a jin\u00e9ho zdravotn\u00edho posti\u017een\u00ed v souvislosti s napl\u0148ov\u00e1n\u00edm pot\u0159eb u\u017eivatel\u016f. Vzd\u011bl\u00e1v\u00e1me se rovn\u011b\u017e ve v\u0161ech dal\u0161\u00edch t\u00e9matech spojen\u00fdch s kvalitou soci\u00e1ln\u00ed slu\u017eby.<\/li>\n<\/ul>\n<ol>\n<li>Nab\u00eddka slu\u017eby<\/li>\n<\/ol>\n<table>\n<tbody>\n<tr>\n<td><a href=\"https:\/\/www.benjaminpetrvald.cz\/wp-content\/uploads\/2019\/01\/bepe03.jpg\"><img loading=\"lazy\" decoding=\"async\" class=\"aligncenter size-full wp-image-883\" src=\"https:\/\/www.benjaminpetrvald.cz\/wp-content\/uploads\/2019\/01\/bepe03.jpg\" alt=\"\" width=\"240\" height=\"160\"><\/a><\/td>\n<td><a href=\"https:\/\/www.benjaminpetrvald.cz\/wp-content\/uploads\/2019\/01\/bepe04.jpg\"><img loading=\"lazy\" decoding=\"async\" class=\"aligncenter size-full wp-image-884\" src=\"https:\/\/www.benjaminpetrvald.cz\/wp-content\/uploads\/2019\/01\/bepe04.jpg\" alt=\"\" width=\"240\" height=\"160\"><\/a><\/td>\n<\/tr>\n<\/tbody>\n<\/table>\n<ul>\n<li>ubytov\u00e1n\u00ed v jednol\u016f\u017ekov\u00fdch pokoj\u00edch v dom\u00e1cnosti pro osm osob<\/li>\n<li>podpora p\u0159i stravov\u00e1n\u00ed dle individu\u00e1ln\u00edch pot\u0159eb (podpora p\u0159i zaji\u0161t\u011bn\u00ed stravy, chyst\u00e1n\u00ed j\u00eddla, stolov\u00e1n\u00ed, n\u00e1kupech apod.)<\/li>\n<li>podpora p\u0159i zvl\u00e1d\u00e1n\u00ed p\u00e9\u010de o vlastn\u00ed osobu (podpora p\u0159i hygien\u011b, obl\u00e9k\u00e1n\u00ed, pohybu, smyslupln\u00e9m tr\u00e1ven\u00ed voln\u00e9ho \u010dasu, navazov\u00e1n\u00ed a udr\u017eov\u00e1n\u00ed vztah\u016f, vyu\u017e\u00edv\u00e1n\u00ed b\u011b\u017en\u011b dostupn\u00fdch ve\u0159ejn\u00fdch slu\u017eeb, komunikaci s okol\u00edm, p\u00e9\u010di o sv\u00e9 v\u011bci apod.)<\/li>\n<li>vytv\u00e1\u0159en\u00ed podm\u00ednek pro zvy\u0161ov\u00e1n\u00ed sob\u011bsta\u010dnosti, u\u010den\u00ed se nov\u00fdm dovednostem, z\u00edsk\u00e1v\u00e1n\u00ed b\u011b\u017en\u00fdch \u017eivotn\u00edch zku\u0161enost\u00ed<\/li>\n<li>vybaven\u00ed odpov\u00eddaj\u00edc\u00ed pot\u0159eb\u00e1m lid\u00ed s posti\u017een\u00edm (bezbari\u00e9rovost, pom\u016fcky, automobil s plo\u0161inou apod.)<\/li>\n<li>podpora a pomoc p\u0159i vy\u0159izov\u00e1n\u00ed osobn\u00edch z\u00e1le\u017eitost\u00ed<\/li>\n<li>podpora p\u0159i uplat\u0148ov\u00e1n\u00ed vlastn\u00edch pr\u00e1v<\/li>\n<\/ul>\n<h4>Kapacita<\/h4>\n<ul>\n<li>celkem 8 osob<\/li>\n<\/ul>\n<h4>Cena slu\u017eby<\/h4>\n<ul>\n<li>ubytov\u00e1n\u00ed v jednol\u016f\u017ekov\u00e9m pokoji 380 K\u010d\/den<\/li>\n<li>celodenn\u00ed strava v\u010detn\u011b n\u00e1poj\u016f 246,-K\u010d K\u010d\/den<\/li>\n<li>podpora, pomoc a p\u00e9\u010de ve v\u00fd\u0161i p\u0159iznan\u00e9ho p\u0159\u00edsp\u011bvku na p\u00e9\u010di<\/li>\n<\/ul>\n","protected":false},"excerpt":{"rendered":"<p>Domov se zvl\u00e1\u0161tn\u00edm re\u017eimem Benjam\u00edn Modr\u00e1 1705, 735 41 Pet\u0159vald&nbsp; Kontakty Benjam\u00edn, p\u0159\u00edsp\u011bvkov\u00e1 organizace Modr\u00e1 1705, 735 41 Pet\u0159vald \u0158editelka organizace: Mgr. Darja Kuncov\u00e1 Telefon: 603 431 935, e-mail: darja.kuncova@nas-benjamin.cz Soci\u00e1ln\u00ed pracovn\u00edk: Bc. Marcela \u0160ebestov\u00e1 Telefon: 596 541 149, e-mail: marcela.sebestova@nas-benjamin.cz Vedouc\u00ed domova se zvl\u00e1\u0161tn\u00edm re\u017eimem: Bc. Blanka \u0160m\u00eddov\u00e1 Telefon: 739 384 603, e-mail: blanka.smidova@nas-benjamin.cz Posl\u00e1n\u00ed Posl\u00e1n\u00edm Domova se zvl\u00e1\u0161tn\u00edm re\u017eimem je podporovat dosp\u011bl\u00e9 lidi s ment\u00e1ln\u00edm posti\u017een\u00edm a poruchami autistick\u00e9ho spektra v pro\u017e\u00edv\u00e1n\u00ed b\u011b\u017en\u00e9ho \u017eivota. S respektem a individu\u00e1ln\u00edm p\u0159\u00edstupem ke ka\u017ed\u00e9mu z nich usilujeme o jejich za\u010dle\u0148ov\u00e1n\u00ed do spole\u010dnosti, rozv\u00edjen\u00ed jejich schopnost\u00ed a dovednost\u00ed, prov\u00e1zen\u00ed v n\u00e1ro\u010dn\u00fdch situac\u00edch,&#8230; <\/p>\n","protected":false},"author":1,"featured_media":0,"parent":0,"menu_order":0,"comment_status":"closed","ping_status":"closed","template":"no-sidebar.php","meta":{"ngg_post_thumbnail":0,"footnotes":""},"class_list":["post-459","page","type-page","status-publish","hentry"],"_links":{"self":[{"href":"https:\/\/www.benjaminpetrvald.cz\/index.php?rest_route=\/wp\/v2\/pages\/459","targetHints":{"allow":["GET"]}}],"collection":[{"href":"https:\/\/www.benjaminpetrvald.cz\/index.php?rest_route=\/wp\/v2\/pages"}],"about":[{"href":"https:\/\/www.benjaminpetrvald.cz\/index.php?rest_route=\/wp\/v2\/types\/page"}],"author":[{"embeddable":true,"href":"https:\/\/www.benjaminpetrvald.cz\/index.php?rest_route=\/wp\/v2\/users\/1"}],"replies":[{"embeddable":true,"href":"https:\/\/www.benjaminpetrvald.cz\/index.php?rest_route=%2Fwp%2Fv2%2Fcomments&post=459"}],"version-history":[{"count":22,"href":"https:\/\/www.benjaminpetrvald.cz\/index.php?rest_route=\/wp\/v2\/pages\/459\/revisions"}],"predecessor-version":[{"id":1909,"href":"https:\/\/www.benjaminpetrvald.cz\/index.php?rest_route=\/wp\/v2\/pages\/459\/revisions\/1909"}],"wp:attachment":[{"href":"https:\/\/www.benjaminpetrvald.cz\/index.php?rest_route=%2Fwp%2Fv2%2Fmedia&parent=459"}],"curies":[{"name":"wp","href":"https:\/\/api.w.org\/{rel}","templated":true}]}}