{"id":43,"date":"2016-05-01T14:19:10","date_gmt":"2016-05-01T12:19:10","guid":{"rendered":"https:\/\/www.benjaminpetrvald.cz\/?page_id=43"},"modified":"2016-07-26T13:21:37","modified_gmt":"2016-07-26T11:21:37","slug":"projekt-4-etapa-transformace-organizace-marianum","status":"publish","type":"page","link":"https:\/\/www.benjaminpetrvald.cz\/?page_id=43","title":{"rendered":"Projekt: 4. etapa transformace organizace Marianum"},"content":{"rendered":"<p>Usnesen\u00edm RK (rady kraje) \u010d. 66\/532 ze dne 21. 4. 2015\u00a0 bylo rozhodnuto\u00a0 o p\u0159evodu \u010d\u00e1sti \u010dinnosti z organizace Marianum, p. o. na organizaci Benjam\u00edn, p. o. s n\u00e1zvem 4. etapa transformace organizace Marianum &#8211; DOZP Karvin\u00e1.<\/p>\n<h4>N\u00e1zev projektu: 4. etapa transformace organizace Marianum<\/h4>\n<h5>Opera\u010dn\u00ed program<\/h5>\n<p><span style=\"font-size: 12pt; font-family: Calibri, sans-serif;\">ROP NUTS II Moravskoslezsko 2007-2013<\/span><\/p>\n<p>Prioritn\u00ed osa<\/p>\n<p><span style=\"font-size: 12pt; font-family: Calibri, sans-serif;\">\u00a02. Podpora prosperity regionu<\/span><\/p>\n<p>D\u00edl\u010d\u00ed oblast podpory<b><\/b><\/p>\n<p><span style=\"font-size: 12pt; font-family: Calibri, sans-serif;\">2.1 Infrastruktura ve\u0159ejn\u00fdch slu\u017eeb<\/span><\/p>\n<h3 style=\"margin-left: 0cm;\"><span style=\"font-size: 12pt; font-family: Calibri, sans-serif;\">D\u00edl\u010d\u00ed oblast podpory<\/span><\/h3>\n<p><span style=\"font-size: 12pt; font-family: Calibri, sans-serif;\">2.1.2 Rozvoj infrastruktury soci\u00e1ln\u00edch slu\u017eeb<\/span><\/p>\n<h3 style=\"margin-left: 0cm;\"><span style=\"font-size: 12pt; font-family: Calibri, sans-serif;\">\u010c\u00edslo projektu<\/span><\/h3>\n<p><span style=\"font-size: 12pt; font-family: Calibri, sans-serif;\">CZ.1.10\/2.1.00\/28.01516<\/span><\/p>\n<h3 style=\"margin-left: 0cm;\"><span style=\"font-size: 12pt; font-family: Calibri, sans-serif;\">C\u00edl projektu<\/span><\/h3>\n<p><span style=\"font-size: 12pt; font-family: Calibri, sans-serif;\">C\u00edlem projektu je rekonstrukce objektu v\u00a0Karvin\u00e9 na adrese Vydmuchov 1835 na domov pro osoby se zdravotn\u00edm posti\u017een\u00edm.<\/span><\/p>\n<h3 style=\"margin-left: 0cm;\"><span style=\"font-size: 12pt; font-family: Calibri, sans-serif;\">V\u00fdstupy projektu<\/span><\/h3>\n<p><span style=\"font-size: 12pt; font-family: Calibri, sans-serif;\">V\u00fdstupem projektu budou v\u00a0rekonstruovan\u00e9m objektu vytvo\u0159eny 3 byty po 6 klientech, z\u00e1zem\u00ed pro person\u00e1l a aktiviza\u010dn\u00ed d\u00edlna.<\/span><\/p>\n<h3 style=\"margin-left: 0cm;\"><span style=\"font-size: 12pt; font-family: Calibri, sans-serif;\">Financov\u00e1n\u00ed projektu<\/span><\/h3>\n<table style=\"margin-left: 8.5pt; border-collapse: collapse; border: none; height: 149px;\" border=\"1\" width=\"441\" cellspacing=\"0\" cellpadding=\"0\">\n<tbody>\n<tr>\n<td style=\"width: 189.1pt; border: 1pt solid #dddddd; padding: 0cm 5.4pt; background: #e6e6e6;\" valign=\"top\" width=\"252\"><strong><span style=\"font-size: 12pt; font-family: Calibri, sans-serif;\">Zdroj financov\u00e1n\u00ed projektu<\/span><\/strong><\/td>\n<td style=\"width: 117pt; border-style: solid solid solid none; border-top-color: #dddddd; border-right-color: #dddddd; border-bottom-color: #dddddd; border-top-width: 1pt; border-right-width: 1pt; border-bottom-width: 1pt; padding: 0cm 5.4pt; background: #e6e6e6;\" valign=\"top\" width=\"156\"><b><span style=\"font-size: 12pt; font-family: Calibri, sans-serif;\">v\u00fd\u0161e pod\u00edlu v\u00a0K\u010d<\/span><\/b><\/td>\n<\/tr>\n<tr>\n<td style=\"width: 189.1pt; border-style: none solid solid; border-right-color: #dddddd; border-bottom-color: #dddddd; border-left-color: #dddddd; border-right-width: 1pt; border-bottom-width: 1pt; border-left-width: 1pt; padding: 0cm 5.4pt;\" valign=\"top\" width=\"252\"><strong><span style=\"font-size: 12pt; font-family: Calibri, sans-serif;\">Celkov\u00e9 v\u00fddaje projektu<\/span><\/strong><\/td>\n<td style=\"width: 117pt; border-style: none solid solid none; border-bottom-color: #dddddd; border-bottom-width: 1pt; border-right-color: #dddddd; border-right-width: 1pt; padding: 0cm 5.4pt;\" valign=\"top\" width=\"156\"><span style=\"font-size: 12pt; font-family: Calibri, sans-serif;\">19\u00a0421\u00a0607,85<\/span><\/td>\n<\/tr>\n<tr>\n<td style=\"width: 189.1pt; border-style: none solid solid; border-right-color: #dddddd; border-bottom-color: #dddddd; border-left-color: #dddddd; border-right-width: 1pt; border-bottom-width: 1pt; border-left-width: 1pt; padding: 0cm 5.4pt;\" valign=\"top\" width=\"252\"><strong><span style=\"font-size: 12pt; font-family: Calibri, sans-serif;\">P\u0159iznan\u00e1 dotace z\u00a0Fondu soudr\u017enosti EU<\/span><\/strong><\/td>\n<td style=\"width: 117pt; border-style: none solid solid none; border-bottom-color: #dddddd; border-bottom-width: 1pt; border-right-color: #dddddd; border-right-width: 1pt; padding: 0cm 5.4pt;\" valign=\"top\" width=\"156\"><span style=\"font-size: 12pt; font-family: Calibri, sans-serif;\">15\u00a0676\u00a0310,17<\/span><\/td>\n<\/tr>\n<tr>\n<td style=\"width: 189.1pt; border-style: none solid solid; border-right-color: #dddddd; border-bottom-color: #dddddd; border-left-color: #dddddd; border-right-width: 1pt; border-bottom-width: 1pt; border-left-width: 1pt; padding: 0cm 5.4pt;\" valign=\"top\" width=\"252\"><strong><span style=\"font-size: 12pt; font-family: Calibri, sans-serif;\">Pod\u00edl st\u00e1tn\u00edho rozpo\u010dtu<\/span><\/strong><\/td>\n<td style=\"width: 117pt; border-style: none solid solid none; border-bottom-color: #dddddd; border-bottom-width: 1pt; border-right-color: #dddddd; border-right-width: 1pt; padding: 0cm 5.4pt;\" valign=\"top\" width=\"156\"><span style=\"font-size: 12pt; font-family: Calibri, sans-serif;\">922\u00a0135,89<\/span><\/td>\n<\/tr>\n<tr>\n<td style=\"width: 189.1pt; border-style: none solid solid; border-right-color: #dddddd; border-bottom-color: #dddddd; border-left-color: #dddddd; border-right-width: 1pt; border-bottom-width: 1pt; border-left-width: 1pt; padding: 0cm 5.4pt;\" valign=\"top\" width=\"252\"><strong><span style=\"font-size: 12pt; font-family: Calibri, sans-serif;\">Pod\u00edl Moravskoslezsk\u00e9ho kraje<\/span><\/strong><\/td>\n<td style=\"width: 117pt; border-style: none solid solid none; border-bottom-color: #dddddd; border-bottom-width: 1pt; border-right-color: #dddddd; border-right-width: 1pt; padding: 0cm 5.4pt;\" valign=\"top\" width=\"156\"><span style=\"font-size: 12pt; font-family: Calibri, sans-serif;\">1\u00a0844\u00a0271,79<\/span><\/td>\n<\/tr>\n<\/tbody>\n<\/table>\n<h3 style=\"margin-left: 0cm;\"><span style=\"font-size: 12pt; font-family: Calibri, sans-serif;\">Doba realizace projektu<\/span><\/h3>\n<p><span style=\"font-size: 12pt; font-family: Calibri, sans-serif;\">7\/2013 \u2013 5\/2016<\/span><\/p>\n<h3 style=\"margin-left: 0cm;\"><span style=\"font-size: 12pt; font-family: Calibri, sans-serif;\">Mana\u017eer projektu<\/span><\/h3>\n<p><span style=\"font-size: 12pt; font-family: Calibri, sans-serif;\">Ing. Petra \u0160indelkov\u00e1<\/span><\/p>\n<p><span style=\"font-size: 12pt; font-family: Calibri, sans-serif;\">odbor evropsk\u00fdch projekt\u016f<\/span><\/p>\n<p><span style=\"font-size: 12pt; font-family: Calibri, sans-serif;\">tel: +420 595 622 831<br \/>\ne-mail: <\/span><a href=\"mailto:&lt;a href=\">petra.sindelkova@kr-moravskoslezsky.cz<\/a>&#8222;&gt;<span style=\"font-size: 12pt; font-family: Calibri, sans-serif;\"><a href=\"mailto:petra.sindelkova@kr-moravskoslezsky.cz\">petra.sindelkova@kr-moravskoslezsky.cz<\/a><\/span><\/p>\n<p><span style=\"font-size: 12pt; font-family: Calibri, sans-serif;\">\u00a0<\/span><\/p>\n<p><span style=\"font-size: 12pt; line-height: 107%;\">P\u0159edm\u011btem projektu je celkov\u00e1 rekonstrukce a p\u0159estavba dvoupodla\u017en\u00ed budovy b\u00fdval\u00e9 \u0161koly v\u00a0t\u011bsn\u00e9 bl\u00edzkosti D\u011btsk\u00e9ho domova Srdce v\u00a0Karvin\u00e9 &#8211; Fry\u0161t\u00e1t. Po proveden\u00fdch prac\u00edch bude budova slou\u017eit jako domov pro osoby se zdravotn\u00edm posti\u017een\u00edm. Slu\u017eba bude poskytovat 12 jednol\u016f\u017ekov\u00fdch a 3 dvoul\u016f\u017ekov\u00e9 pokoje. Celkov\u00e1 kapacita tak bude \u010dinit 18 osob ve v\u011bku nad 18let. Rekonstrukce budovy bude zahrnovat \u00fapravy dispozic v\u00a0souladu s\u00a0pot\u0159ebami budouc\u00edch u\u017eivatel\u016f, kte\u0159\u00ed budou slu\u017eby vyu\u017e\u00edvat. K\u00a0objektu bude provedena p\u0159\u00edstavba (schodi\u0161t\u011b a bezbari\u00e9rov\u00fd v\u00fdtah), vznikne terasa, oplocen\u00e1 zahrada a parkovi\u0161t\u011b s\u00a06 parkovac\u00edmi m\u00edsty uzp\u016fsoben\u00e9 tak\u00e9 pro parkov\u00e1n\u00ed osob s\u00a0omezenou mo\u017enost\u00ed pohybu. Cel\u00fd objekt bude bezbari\u00e9rov\u00fd. Domov bude provozovat Benjam\u00edn, p\u0159\u00edsp\u011bvkov\u00e1 organizace, jej\u00edm\u017e z\u0159izovatelem je Moravskoslezsk\u00fd kraj.<\/span><\/p>\n<p><span style=\"font-size: 12pt; font-family: Calibri, sans-serif;\">\u00a0<img loading=\"lazy\" decoding=\"async\" class=\"alignnone\" src=\"images\/beneuroplogo.png\" alt=\"beneuroplogo\" width=\"640\" height=\"142\" \/><\/span><\/p>\n<p><span style=\"font-size: 12pt; font-family: Calibri, sans-serif;\">\u00a0<\/span><\/p>\n<p><span style=\"font-size: 12pt; line-height: 107%;\">Rekonstrukce budovy byla ukon\u010dena na konci roku 2015. U\u017eivatel\u00e9 se do zrekonstruovan\u00fdch prostor p\u0159est\u011bhovali po p\u0159edchoz\u00ed p\u0159\u00edprav\u011b dle sv\u00fdch pl\u00e1n\u016f p\u0159echodu dne 23. 2. 2016. Budova se nach\u00e1z\u00ed na ulici Vydmuchov 1835\/10 v bl\u00edzkosti DD Srdce a Nemocnice s\u00a0poliklinikou. Slavnostn\u00ed otev\u0159en\u00ed domova za \u00fa\u010dasti z\u00e1stupc\u016f z\u0159izovatele i Statut\u00e1rn\u00edho m\u011bsta Karvin\u00e1 prob\u011bhlo v\u00a0dubnu 2016.<\/span><\/p>\n<p><span style=\"font-size: 12pt; line-height: 107%;\">V\u00a0p\u0159\u00edzem\u00ed budovy jsou situov\u00e1ny kancel\u00e1\u0159e a \u0161atna zam\u011bstnanc\u016f, technick\u00e9 m\u00edstnosti, relaxa\u010dn\u00ed m\u00edstnost pro u\u017eivatele a tak\u00e9 jedna dom\u00e1cnost, v\u00a0prvn\u00edm pat\u0159e jsou dv\u011b dom\u00e1cnosti. Ka\u017ed\u00e1 dom\u00e1cnost je tvo\u0159ena \u010dty\u0159mi jednol\u016f\u017ekov\u00fdmi a jedn\u00edm dvoul\u016f\u017ekov\u00fdm pokojem. U\u017eivatel\u00e9 maj\u00ed d\u00e1le na ka\u017ed\u00e9 z\u00a0dom\u00e1cnost\u00ed k\u00a0dispozici dv\u011b koupelny s\u00a0WC vybaven\u00e9 pra\u010dkou se su\u0161i\u010dkou a ob\u00fdvac\u00ed pokoj s\u00a0kuchy\u0148sk\u00fdm koutem.<\/span><\/p>\n<p><span style=\"font-size: 12pt; line-height: 107%;\">Slu\u017eba je poskytov\u00e1ny osob\u00e1m ve v\u011bku nad 18let se st\u0159edn\u011b t\u011b\u017ek\u00fdm, t\u011b\u017ek\u00fdm a\u017e hlubok\u00fdm ment\u00e1ln\u00edm posti\u017een\u00edm a kombinovan\u00fdmi vadami, kte\u0159\u00ed nemohou \u017e\u00edt ve sv\u00e9m dom\u00e1c\u00edm prost\u0159ed\u00ed a kte\u0159\u00ed pot\u0159ebuj\u00ed celoro\u010dn\u00ed pobytovou slu\u017ebu.<\/span><\/p>\n<p><span style=\"font-size: 12pt; line-height: 107%;\">\u00a0<\/span><\/p>\n<p><span style=\"font-size: 12pt; line-height: 107%;\">Kontakty pro z\u00edsk\u00e1n\u00ed dal\u0161\u00edch informac\u00ed:<\/span><\/p>\n<p><span style=\"font-size: 12pt; line-height: 107%;\">Vedouc\u00ed DOZP Benjam\u00edn st\u0159edisko Karvin\u00e1 &#8211; Petra \u0160im\u010d\u00edkov\u00e1<\/span><\/p>\n<p><span style=\"font-size: 12pt; line-height: 107%;\">731\u00a0644\u00a0725, 558\u00a0650\u00a0188, <\/span><a href=\"mailto:&lt;a href=\">benjamin.simcikova@seznam.cz<\/a>&#8222;&gt;<span style=\"font-size: 12pt; line-height: 107%; color: #0563c1;\"><a href=\"mailto:benjamin.simcikova@seznam.cz\">benjamin.simcikova@seznam.cz<\/a><\/span><\/p>\n<p><span style=\"font-size: 12pt; line-height: 107%;\">Soci\u00e1ln\u00ed pracovnice DOZP Benjam\u00edn st\u0159edisko Karvin\u00e1 &#8211; Mgr. Lucie Kucharczykov\u00e1<\/span><\/p>\n<p><span style=\"font-size: 12pt; line-height: 107%;\">731\u00a0645\u00a0805, 558\u00a0650\u00a0188, <\/span><a href=\"mailto:&lt;a href=\">benjamin.kucharczykova@seznam.cz<\/a>&#8222;&gt;<span style=\"font-size: 12pt; line-height: 107%; color: #0563c1;\"><a href=\"mailto:benjamin.kucharczykova@seznam.cz\">benjamin.kucharczykova@seznam.cz<\/a><\/span><\/p>\n<p><span style=\"font-size: 12pt; line-height: 107%;\">\u00a0<\/span><\/p>\n<p><span style=\"font-size: 12pt; line-height: 107%;\">\u00a0<\/span><\/p>\n","protected":false},"excerpt":{"rendered":"<p>Usnesen\u00edm RK (rady kraje) \u010d. 66\/532 ze dne 21. 4. 2015\u00a0 bylo rozhodnuto\u00a0 o p\u0159evodu \u010d\u00e1sti \u010dinnosti z organizace Marianum, p. o. na organizaci Benjam\u00edn, p. o. s n\u00e1zvem 4. etapa transformace organizace Marianum &#8211; DOZP Karvin\u00e1. N\u00e1zev projektu: 4. etapa transformace organizace Marianum Opera\u010dn\u00ed program ROP NUTS II Moravskoslezsko 2007-2013 Prioritn\u00ed osa \u00a02. Podpora prosperity regionu D\u00edl\u010d\u00ed oblast podpory 2.1 Infrastruktura ve\u0159ejn\u00fdch slu\u017eeb D\u00edl\u010d\u00ed oblast podpory 2.1.2 Rozvoj infrastruktury soci\u00e1ln\u00edch slu\u017eeb \u010c\u00edslo projektu CZ.1.10\/2.1.00\/28.01516 C\u00edl projektu C\u00edlem projektu je rekonstrukce objektu v\u00a0Karvin\u00e9 na adrese Vydmuchov 1835 na domov pro osoby se zdravotn\u00edm posti\u017een\u00edm. V\u00fdstupy projektu V\u00fdstupem projektu budou v\u00a0rekonstruovan\u00e9m&#8230; <\/p>\n","protected":false},"author":1,"featured_media":0,"parent":0,"menu_order":0,"comment_status":"closed","ping_status":"closed","template":"full-width.php","meta":{"ngg_post_thumbnail":0,"footnotes":""},"class_list":["post-43","page","type-page","status-publish","hentry"],"_links":{"self":[{"href":"https:\/\/www.benjaminpetrvald.cz\/index.php?rest_route=\/wp\/v2\/pages\/43","targetHints":{"allow":["GET"]}}],"collection":[{"href":"https:\/\/www.benjaminpetrvald.cz\/index.php?rest_route=\/wp\/v2\/pages"}],"about":[{"href":"https:\/\/www.benjaminpetrvald.cz\/index.php?rest_route=\/wp\/v2\/types\/page"}],"author":[{"embeddable":true,"href":"https:\/\/www.benjaminpetrvald.cz\/index.php?rest_route=\/wp\/v2\/users\/1"}],"replies":[{"embeddable":true,"href":"https:\/\/www.benjaminpetrvald.cz\/index.php?rest_route=%2Fwp%2Fv2%2Fcomments&post=43"}],"version-history":[{"count":6,"href":"https:\/\/www.benjaminpetrvald.cz\/index.php?rest_route=\/wp\/v2\/pages\/43\/revisions"}],"predecessor-version":[{"id":113,"href":"https:\/\/www.benjaminpetrvald.cz\/index.php?rest_route=\/wp\/v2\/pages\/43\/revisions\/113"}],"wp:attachment":[{"href":"https:\/\/www.benjaminpetrvald.cz\/index.php?rest_route=%2Fwp%2Fv2%2Fmedia&parent=43"}],"curies":[{"name":"wp","href":"https:\/\/api.w.org\/{rel}","templated":true}]}}