{"id":1429,"date":"2023-03-30T14:57:33","date_gmt":"2023-03-30T12:57:33","guid":{"rendered":"https:\/\/www.benjaminpetrvald.cz\/?page_id=1429"},"modified":"2026-04-01T15:56:30","modified_gmt":"2026-04-01T13:56:30","slug":"dozp-stredisko-petrvald","status":"publish","type":"page","link":"https:\/\/www.benjaminpetrvald.cz\/?page_id=1429","title":{"rendered":"DOZP st\u0159edisko Pet\u0159vald"},"content":{"rendered":"\n<p><a href=\"https:\/\/www.benjaminpetrvald.cz\/wp-content\/uploads\/2023\/03\/be-pe-dozp-uvodni.jpg\"><img loading=\"lazy\" decoding=\"async\" class=\"aligncenter wp-image-1432\" src=\"https:\/\/www.benjaminpetrvald.cz\/wp-content\/uploads\/2023\/03\/be-pe-dozp-uvodni-1024x573.jpg\" alt=\"\" width=\"800\" height=\"448\" srcset=\"https:\/\/www.benjaminpetrvald.cz\/wp-content\/uploads\/2023\/03\/be-pe-dozp-uvodni-1024x573.jpg 1024w, https:\/\/www.benjaminpetrvald.cz\/wp-content\/uploads\/2023\/03\/be-pe-dozp-uvodni-300x168.jpg 300w, https:\/\/www.benjaminpetrvald.cz\/wp-content\/uploads\/2023\/03\/be-pe-dozp-uvodni-768x430.jpg 768w, https:\/\/www.benjaminpetrvald.cz\/wp-content\/uploads\/2023\/03\/be-pe-dozp-uvodni.jpg 1294w\" sizes=\"auto, (max-width: 800px) 100vw, 800px\" \/><\/a><\/p>\n\n\n\n<h2 class=\"wp-block-heading\">Kontakty<\/h2>\n\n\n\n<p><strong>Benjam\u00edn, p\u0159\u00edsp\u011bvkov\u00e1 organizace<\/strong><br>Modr\u00e1 1705, 735 41 Pet\u0159vald<br>Telefon: 596 541 149<\/p>\n<p>\u0158editelka organizace: Mgr. Darja Kuncov\u00e1<br>Telefon: 603 431 935<br>e-mail: darja.kuncova@nas-benjamin.cz<\/p>\n<p>Vedouc\u00ed st\u0159ediska, soci\u00e1ln\u00ed pracovn\u00edk:<br>Bc. Blanka \u0160m\u00eddov\u00e1<br>Telefon: 739 384 605<br>e-mail: blanka.smidova@nas-benjamin.cz<\/p>\n<p>Soci\u00e1ln\u00ed pracovn\u00edk: Mgr. Ivana Bollogov\u00e1<br>Telefon: 596 541 149<br>e-mail: ivana.bollogova@nas-benjamin.cz<\/p>\n\n\n\n<h2 class=\"wp-block-heading\">POSL\u00c1N\u00cd<\/h2>\n\n\n\n<p>Posl\u00e1n\u00edm domova pro osoby se zdravotn\u00edm posti\u017een\u00edm Benjam\u00edn v Pet\u0159vald\u011b je poskytnout ka\u017edodenn\u00ed pot\u0159ebnou podporu, pomoc a p\u00e9\u010di ve v\u0161ech oblastech \u017eivota dosp\u011bl\u00fdm lidem se zdravotn\u00edm posti\u017een\u00edm, kte\u0159\u00ed ji pot\u0159ebuj\u00ed. Podporujeme je v zapojen\u00ed do b\u011b\u017en\u00e9ho \u017eivota a vztah\u016f.<br>Vz\u00e1jemnou komunikac\u00ed, p\u0159irozen\u00fdm a partnersk\u00fdm p\u0159\u00edstupem, usilujeme o to, aby m\u011bl ka\u017ed\u00fd \u010dlov\u011bk v domov\u011b p\u0159\u00edle\u017eitost rozhodnout se, jak\u00fd bude jeho dal\u0161\u00ed den a mohl \u017e\u00edt v co nejp\u0159irozen\u011bj\u0161\u00edm prost\u0159ed\u00ed<\/p>\n\n\n\n<h2 class=\"wp-block-heading\">C\u00cdLE<\/h2>\n\n\n\n<ul class=\"wp-block-list\">\n<li>Lid\u00e9, kte\u0159\u00ed \u017eij\u00ed v Benjam\u00ednu, se \u00fa\u010dastn\u00ed b\u011b\u017en\u00e9ho \u017eivota v obci a okol\u00ed, maj\u00ed p\u0159\u00edle\u017eitost seberealizace v osobn\u00edm \u017eivot\u011b a zapojuj\u00ed se do p\u00e9\u010de o sebe a dom\u00e1cnost, a to i lid\u00e9 s t\u011b\u017ek\u00fdm posti\u017een\u00edm.<\/li>\n\n\n\n<li>Lid\u00e9 s nejt\u011b\u017e\u0161\u00edm posti\u017een\u00edm pro\u017e\u00edvaj\u00ed sv\u016fj \u017eivot bez bolesti, s r\u016fznorod\u00fdmi a smyslupln\u00fdmi p\u0159\u00edle\u017eitostmi, z\u00e1\u017eitky a zapojuj\u00ed se do spole\u010dnosti a p\u0159irozen\u00fdch vztah\u016f.<\/li>\n\n\n\n<li>Lid\u00e9, kte\u0159\u00ed \u017eij\u00ed v Benjam\u00ednu maj\u00ed p\u0159\u00edle\u017eitosti potk\u00e1vat se s lidmi z okol\u00ed, maj\u00ed kontakty a vztahy se sv\u00fdmi rodinami, kamar\u00e1dy, zn\u00e1m\u00fdmi, dobrovoln\u00edky<\/li>\n<\/ul>\n\n\n\n<h2 class=\"wp-block-heading\">Z\u00c1SADY<\/h2>\n\n\n\n<ul class=\"wp-block-list\">\n<li><strong>Komunikace jako z\u00e1klad porozum\u011bn\u00ed<\/strong><br>Ka\u017ed\u00fd \u010dlov\u011bk s posti\u017een\u00edm, kter\u00fd \u017eije v Benjam\u00ednu m\u00e1 k dispozici zp\u016fsob komunikace, kter\u00e9mu rozum\u00ed.<br>Vyu\u017e\u00edv\u00e1me alternativn\u00ed formy komunikace. nap\u0159. obr\u00e1zky, p\u0159edm\u011bty, fotografie, zvukov\u00e9\/hlasov\u00e9 komunik\u00e1tory, pou\u017e\u00edv\u00e1n\u00ed znak\u016f atd.<\/li>\n\n\n\n<li><strong>Podpora osobn\u00edch vztah\u016f<\/strong><br>Nenahrazujeme vlastn\u00ed rodinu, ale naopak podporujeme lidi s posti\u017een\u00edm a jejich bl\u00edzk\u00e9 v udr\u017eov\u00e1n\u00ed vz\u00e1jemn\u00fdch vazeb. P\u0159\u00edbuzn\u00e9 a bl\u00edzk\u00e9 zapojujeme do \u0159e\u0161en\u00ed b\u011b\u017en\u00fdch z\u00e1le\u017eitost\u00ed i do d\u011bn\u00ed v domov\u011b.<\/li>\n\n\n\n<li><strong>Domov a b\u011b\u017en\u00fd \u017eivot<\/strong><br>Lid\u00e9, kte\u0159\u00ed \u017eij\u00ed v Benjam\u00ednu pro\u017e\u00edvaj\u00ed b\u011b\u017en\u00e9 \u017eivotn\u00ed situace. Nap\u0159. p\u0159\u00edprava j\u00eddla, pran\u00ed pr\u00e1dla, \u00faklid, cestov\u00e1n\u00ed, n\u00e1kupy, z\u00e1bava, kon\u00ed\u010dky, pracovn\u00ed dovednosti ad. Lid\u00e9 bydl\u00ed v dom\u00e1cnostech, kde db\u00e1me na soukrom\u00ed, a kter\u00e9 jsou vybaveny tak jak je to obvykl\u00e9.<\/li>\n<\/ul>\n\n\n\n<h2 class=\"wp-block-heading\">OKRUH OSOB<\/h2>\n\n\n\n<p>Dosp\u011bl\u00ed lid\u00e9 se zdravotn\u00edm posti\u017een\u00edm (v\u010detn\u011b posti\u017een\u00ed v ment\u00e1ln\u00ed oblasti) ve v\u011bku od<br>18\u2013 64 let, kte\u0159\u00ed pot\u0159ebuj\u00ed 24hodinovou podporu, pomoc a p\u00e9\u010di dal\u0161\u00edho \u010dlov\u011bka ve v\u0161ech oblastech \u017eivota. Nej\u010dast\u011bji se jedn\u00e1 o lidi v n\u00e1sleduj\u00edc\u00edch situac\u00edch:<\/p>\n\n\n\n<ul class=\"wp-block-list\">\n<li>\u010dlov\u011bk se zdravotn\u00edm posti\u017een\u00edm, o kter\u00e9ho dosud pe\u010dovala rodina, kter\u00e1 ji\u017e pe\u010dovat nem\u016f\u017ee (nap\u0159\u00edklad z d\u016fvodu zhor\u0161en\u00ed zdravotn\u00edho stavu pe\u010duj\u00edc\u00edch, jejich vy\u010derp\u00e1n\u00ed, nemoci, nebo \u00famrt\u00ed)<\/li>\n\n\n\n<li>\u010dlov\u011bk se zdravotn\u00edm posti\u017een\u00edm, kter\u00fd dosud vyr\u016fstal na\u0159\u00edzen\u00e9 \u00fastavn\u00ed p\u00e9\u010di (tj. s minim\u00e1ln\u00edm kontaktem s p\u0159\u00edbuzn\u00fdmi) a jeho\u017e pot\u0159eby zasahuj\u00ed do v\u0161ech oblast\u00ed \u017eivota<\/li>\n\n\n\n<li>\u010dlov\u011bk se zdravotn\u00edm s posti\u017een\u00edm, kter\u00fd je dlouhodob\u011b hospitalizov\u00e1n, proto\u017ee se zhor\u0161il jeho zdravotn\u00ed stav a podm\u00ednky pro jeho \u017eivot se zm\u011bnily, tj. nem\u00e1 se kam vr\u00e1tit, nem\u00e1 o n\u011bj kdo pe\u010dovat<\/li>\n<\/ul>\n\n\n\n<p>Pro rozhodov\u00e1n\u00ed o p\u0159ijet\u00ed do slu\u017eby pracuj\u00ed soci\u00e1ln\u00ed pracovn\u00edci s t\u011bmito parametry:<\/p>\n\n\n\n<ul class=\"wp-block-list\">\n<li>Za \u010dlov\u011bka se zdravotn\u00edm posti\u017een\u00edm pova\u017eujeme zpravidla toho, kdo m\u00e1 st\u0159edn\u011b t\u011b\u017ek\u00e9, t\u011b\u017ek\u00e9, hlubok\u00e9 ment\u00e1ln\u00ed posti\u017een\u00ed, kter\u00e9 je takov\u00e9ho r\u00e1zu, \u017ee zasahuje i do dal\u0161\u00edch projev\u016f \u010dlov\u011bka \u2013 pohyb, komunikace, sebeobsluha, rozhodov\u00e1n\u00ed ad.<\/li>\n\n\n\n<li>V\u00fdjime\u010dn\u011b se m\u016f\u017ee jednat tak\u00e9 o \u010dlov\u011bka, jeho\u017e intelekt je sn\u00ed\u017een v d\u016fsledku dal\u0161\u00edho onemocn\u011bn\u00ed<\/li>\n\n\n\n<li>D\u016fle\u017eit\u00fdm parametrem jsou aktu\u00e1ln\u00ed pot\u0159eby \u010dlov\u011bka a tak\u00e9 nep\u0159\u00edzniv\u00e1 soci\u00e1ln\u00ed situace, ve kter\u00e9 se nach\u00e1z\u00ed.<\/li>\n<\/ul>\n\n\n\n<h2 class=\"wp-block-heading\">SLU\u017dBU NEPOSKYTUJEME<\/h2>\n\n\n\n<ul class=\"wp-block-list\">\n<li>osob\u00e1m, jejich\u017e zdravotn\u00ed stav vy\u017eaduje speci\u00e1ln\u00ed zdravotnick\u00e9 p\u0159\u00edstroje a za\u0159\u00edzen\u00ed a&nbsp;st\u00e1lou l\u00e9ka\u0159skou p\u00e9\u010di<\/li>\n\n\n\n<li>osob\u00e1m, jejich\u017e projevy a chov\u00e1n\u00ed v&nbsp;souvislosti s&nbsp;du\u0161evn\u00edm onemocn\u011bn\u00edm znemo\u017e\u0148uje sou\u017eit\u00ed s&nbsp;dal\u0161\u00edmi lidmi<\/li>\n<\/ul>\n\n\n\n<h2 class=\"wp-block-heading\">SLU\u017dBA NAB\u00cdZ\u00cd<\/h2>\n\n\n\n<p><strong>UBYTOV\u00c1N\u00cd<\/strong>&nbsp;&nbsp;&nbsp;&nbsp;&nbsp;&nbsp;&nbsp;&nbsp;&nbsp;&nbsp;<\/p>\n\n\n\n<ul class=\"wp-block-list\">\n<li>4 bezbari\u00e9rov\u00e9 dom\u00e1cnosti v\u017edy s&nbsp;jedn\u00edm dvoul\u016f\u017ekov\u00fdm a 4 jednol\u016f\u017ekov\u00fdmi pokoji, spole\u010dn\u00fdm ob\u00fdvac\u00edm pokojem, kuchyn\u00ed se spot\u0159ebi\u010di (lednice, mikrovlnn\u00e1 trouba, spor\u00e1k, varn\u00e1 konvice), dv\u011bma koupelnami s&nbsp;WC (jedna vybavena pra\u010dkou a su\u0161i\u010dkou; jedna koupelna s&nbsp;vanou a jedna se sprchov\u00fdm koutem)<\/li>\n\n\n\n<li>ka\u017ed\u00e1 dom\u00e1cnost m\u00e1 bezbari\u00e9rov\u00fd vstup na terasu<\/li>\n\n\n\n<li>dv\u011b dom\u00e1cnosti maj\u00ed bezbari\u00e9rov\u00fd vstup na zahradu<\/li>\n\n\n\n<li>v\u00fdtah<\/li>\n<\/ul>\n\n\n\n<p><strong>VYU\u017d\u00cdV\u00c1N\u00cd SPECI\u00c1LN\u00cdCH POM\u016eCEK PODLE INDIVIDU\u00c1LN\u00cdCH POT\u0158EB<\/strong><\/p>\n\n\n\n<ul class=\"wp-block-list\">\n<li>t\u0159i hydraulick\u00e9 sprchov\u00e9 vany<\/li>\n\n\n\n<li>t\u0159i elektrick\u00e1 zvedac\u00ed za\u0159\u00edzen\u00ed<\/li>\n\n\n\n<li>polohovac\u00ed pom\u016fcky<\/li>\n\n\n\n<li>speci\u00e1ln\u00ed ko\u010d\u00e1ry<\/li>\n\n\n\n<li>ort\u00e9zy atd.<\/li>\n\n\n\n<li>pom\u016fcky ke komunikaci, notebooky, IPADY<\/li>\n<\/ul>\n\n\n\n<p><strong>BEZBARIEROV\u00c9 PROST\u0158ED\u00cd<\/strong><\/p>\n\n\n\n<ul class=\"wp-block-list\">\n<li>bezbari\u00e9rov\u00fd vstup do budovy<\/li>\n\n\n\n<li>bezbari\u00e9rov\u00e1 terasa<\/li>\n\n\n\n<li>bezbari\u00e9rov\u00e1 zahrada<\/li>\n<\/ul>\n\n\n\n<p><strong>STRAVOV\u00c1N\u00cd<\/strong><\/p>\n\n\n\n<ul class=\"wp-block-list\">\n<li>sn\u00eddan\u011b, ob\u011bd, ve\u010de\u0159e, sva\u010diny, n\u00e1poje<\/li>\n\n\n\n<li>u\u017eivatel\u00e9 maj\u00ed mo\u017enost v\u00fdb\u011bru ze t\u0159\u00ed nab\u00eddek<\/li>\n\n\n\n<li>strava je pod\u00e1v\u00e1na v dom\u00e1cnostech, u\u017eivatel\u00e9 se mohou dle p\u0159\u00e1n\u00ed, mo\u017enost\u00ed a schopnost\u00ed zapojit \u010di \u00fa\u010dastnit se p\u0159\u00edpravy j\u00eddla (sn\u00eddan\u011b, ob\u011bdu, sva\u010diny, ve\u010de\u0159e)<\/li>\n\n\n\n<li>strava je poskytov\u00e1na dle individu\u00e1ln\u00edch pot\u0159eb u\u017eivatel\u016f (dieta, \u00faprava j\u00eddla, mo\u017enost odhl\u00e1sit stravu, mo\u017enost p\u0159ipravit si j\u00eddlo z individu\u00e1ln\u011b nakoupen\u00fdch surovin)<\/li>\n<\/ul>\n\n\n\n<p><strong>P\u0158\u00cdTOMNOST ZDRAVOTNICK\u00c9HO PRACOVN\u00cdKA B\u011aHEM DNE<\/strong><\/p>\n\n\n\n<p><strong>D\u00c1LE ZAJI\u0160\u0164UJEME<\/strong><\/p>\n\n\n\n<ul class=\"wp-block-list\">\n<li>doprovody mimo za\u0159\u00edzen\u00ed (na kulturn\u00ed a sportovn\u00ed akce, na n\u00e1kupy, na volno\u010dasov\u00e9 aktivity, p\u0159i cestov\u00e1n\u00ed hromadnou dopravou, do \u0161koly nebo za aktivitami, na \u00fa\u0159ady, k l\u00e9ka\u0159i dle vnit\u0159n\u00edch pravidel ad.)<\/li>\n\n\n\n<li>p\u0159epravu osobn\u00edm automobilem organizace (do \u0161koly)<\/li>\n\n\n\n<li>pomoc p\u0159i vy\u0159izov\u00e1n\u00ed osobn\u00edch z\u00e1le\u017eitost\u00ed u\u017eivatel\u016f<\/li>\n\n\n\n<li>spolupr\u00e1ci s opatrovn\u00edky<\/li>\n\n\n\n<li>muzikoterapii<\/li>\n\n\n\n<li>canisterapii<\/li>\n\n\n\n<li>p\u0159\u00edtomnost dom\u00e1c\u00edho zv\u00ed\u0159ete na dom\u00e1cnostech<\/li>\n\n\n\n<li>spolupr\u00e1ci s n\u00e1vazn\u00fdmi slu\u017ebami (nap\u0159. KAFIRA)<\/li>\n\n\n\n<li>zaji\u0161t\u011bn\u00ed spole\u010densk\u00e9ho \u017eivota v za\u0159\u00edzen\u00ed, zejm\u00e9na pro osoby s nejt\u011b\u017e\u0161\u00edm posti\u017een\u00edm upoutan\u00fdm na speci\u00e1ln\u00ed voz\u00edky, ko\u010d\u00e1ry<\/li>\n<\/ul>\n\n\n\n<h2 class=\"wp-block-heading\">CEN\u00cdK SLU\u017dBY<\/h2>\n\n\n\n<p><strong>Ubytov\u00e1n\u00ed<\/strong><\/p>\n\n\n\n<ul class=\"wp-block-list\">\n<li>jednol\u016f\u017ekov\u00fd pokoj <strong>380 K\u010d\/den<\/strong><\/li>\n\n\n\n<li>dvoul\u016f\u017ekov\u00fd pokoj <strong>335 K\u010d\/den<\/strong><\/li>\n<\/ul>\n\n\n\n<p><strong>Stravov\u00e1n\u00ed<\/strong><\/p>\n\n\n\n<ul class=\"wp-block-list\">\n<li>strava v\u010detn\u011b re\u017eijn\u00edch n\u00e1klad\u016f <strong>246 K\u010d\/den<\/strong><\/li>\n<\/ul>\n\n\n\n<p>Celkov\u00e1 \u00fahrada je tvo\u0159ena \u010d\u00e1stkou za ubytov\u00e1n\u00ed a stravu vyn\u00e1sobenou po\u010dtem dn\u00ed v m\u011bs\u00edci a jej\u00ed sou\u010d\u00e1st\u00ed je d\u00e1le tak\u00e9 p\u0159\u00edsp\u011bvek na p\u00e9\u010di v p\u0159iznan\u00e9 v\u00fd\u0161i.<\/p>\n\n\n\n<div style=\"width: 1280px;\" class=\"wp-video\"><!--[if lt IE 9]><script>document.createElement('video');<\/script><![endif]-->\n<video class=\"wp-video-shortcode\" id=\"video-1429-1\" width=\"1280\" height=\"720\" preload=\"metadata\" controls=\"controls\"><source type=\"video\/mp4\" src=\"https:\/\/www.benjaminpetrvald.cz\/wp-content\/uploads\/2021\/11\/Prezentace-Web-2.m4v?_=1\" \/><a href=\"https:\/\/www.benjaminpetrvald.cz\/wp-content\/uploads\/2021\/11\/Prezentace-Web-2.m4v\">https:\/\/www.benjaminpetrvald.cz\/wp-content\/uploads\/2021\/11\/Prezentace-Web-2.m4v<\/a><\/video><\/div>\n","protected":false},"excerpt":{"rendered":"<p>Kontakty Benjam\u00edn, p\u0159\u00edsp\u011bvkov\u00e1 organizaceModr\u00e1 1705, 735 41 Pet\u0159valdTelefon: 596 541 149 \u0158editelka organizace: Mgr. Darja Kuncov\u00e1Telefon: 603 431 935e-mail: darja.kuncova@nas-benjamin.cz Vedouc\u00ed st\u0159ediska, soci\u00e1ln\u00ed pracovn\u00edk:Bc. Blanka \u0160m\u00eddov\u00e1Telefon: 739 384 605e-mail: blanka.smidova@nas-benjamin.cz Soci\u00e1ln\u00ed pracovn\u00edk: Mgr. Ivana Bollogov\u00e1Telefon: 596 541 149e-mail: ivana.bollogova@nas-benjamin.cz POSL\u00c1N\u00cd Posl\u00e1n\u00edm domova pro osoby se zdravotn\u00edm posti\u017een\u00edm Benjam\u00edn v Pet\u0159vald\u011b je poskytnout ka\u017edodenn\u00ed pot\u0159ebnou podporu, pomoc a p\u00e9\u010di ve v\u0161ech oblastech \u017eivota dosp\u011bl\u00fdm lidem se zdravotn\u00edm posti\u017een\u00edm, kte\u0159\u00ed ji pot\u0159ebuj\u00ed. Podporujeme je v zapojen\u00ed do b\u011b\u017en\u00e9ho \u017eivota a vztah\u016f.Vz\u00e1jemnou komunikac\u00ed, p\u0159irozen\u00fdm a partnersk\u00fdm p\u0159\u00edstupem, usilujeme o to, aby m\u011bl ka\u017ed\u00fd \u010dlov\u011bk v domov\u011b p\u0159\u00edle\u017eitost rozhodnout se, jak\u00fd bude jeho dal\u0161\u00ed&#8230; <\/p>\n","protected":false},"author":1,"featured_media":0,"parent":0,"menu_order":0,"comment_status":"closed","ping_status":"closed","template":"no-sidebar.php","meta":{"ngg_post_thumbnail":0,"footnotes":""},"class_list":["post-1429","page","type-page","status-publish","hentry"],"_links":{"self":[{"href":"https:\/\/www.benjaminpetrvald.cz\/index.php?rest_route=\/wp\/v2\/pages\/1429","targetHints":{"allow":["GET"]}}],"collection":[{"href":"https:\/\/www.benjaminpetrvald.cz\/index.php?rest_route=\/wp\/v2\/pages"}],"about":[{"href":"https:\/\/www.benjaminpetrvald.cz\/index.php?rest_route=\/wp\/v2\/types\/page"}],"author":[{"embeddable":true,"href":"https:\/\/www.benjaminpetrvald.cz\/index.php?rest_route=\/wp\/v2\/users\/1"}],"replies":[{"embeddable":true,"href":"https:\/\/www.benjaminpetrvald.cz\/index.php?rest_route=%2Fwp%2Fv2%2Fcomments&post=1429"}],"version-history":[{"count":14,"href":"https:\/\/www.benjaminpetrvald.cz\/index.php?rest_route=\/wp\/v2\/pages\/1429\/revisions"}],"predecessor-version":[{"id":1910,"href":"https:\/\/www.benjaminpetrvald.cz\/index.php?rest_route=\/wp\/v2\/pages\/1429\/revisions\/1910"}],"wp:attachment":[{"href":"https:\/\/www.benjaminpetrvald.cz\/index.php?rest_route=%2Fwp%2Fv2%2Fmedia&parent=1429"}],"curies":[{"name":"wp","href":"https:\/\/api.w.org\/{rel}","templated":true}]}}