{"id":1389,"date":"2023-01-17T10:05:03","date_gmt":"2023-01-17T09:05:03","guid":{"rendered":"https:\/\/www.benjaminpetrvald.cz\/?page_id=1389"},"modified":"2023-01-17T10:07:43","modified_gmt":"2023-01-17T09:07:43","slug":"rozpocet-organizace-benjamin","status":"publish","type":"page","link":"https:\/\/www.benjaminpetrvald.cz\/?page_id=1389","title":{"rendered":"Rozpo\u010det organizace Benjam\u00edn"},"content":{"rendered":"\n<div><strong>Na rok 2023 a st\u0159edn\u011bdob\u00fd v\u00fdhled na roky 2024 a 2025<\/strong><\/div>\n<div>&nbsp;<\/div>\n<div>Novelou z\u00e1kona \u010d.250\/2000 Sb., o rozpo\u010dtov\u00fdch pravidlech \u00fazemn\u00edch rozpo\u010dt\u016f, je s \u00fa\u010dinnost\u00ed od 21.2.2017 p\u0159\u00edsp\u011bvkov\u00e9 organizaci stanovena povinnost sestavovat rozpo\u010det a st\u0159edn\u011bdob\u00fd v\u00fdhled rozpo\u010dtu, kter\u00e9 schvaluje jej\u00ed z\u0159izovatel.<\/div>\n<div>&nbsp;<\/div>\n<div>Rozpo\u010det p\u0159\u00edsp\u011bvkov\u00e9 organizace je pl\u00e1n v\u00fdnos\u016f a n\u00e1klad\u016f na kalend\u00e1\u0159n\u00ed rok a st\u0159edn\u011bdob\u00fd v\u00fdhled rozpo\u010dtu je pl\u00e1n n\u00e1klad\u016f a v\u00fdnos\u016f na dal\u0161\u00ed dva roky n\u00e1sleduj\u00edc\u00ed po roce, na kter\u00fd je sestavov\u00e1n pl\u00e1n na kalend\u00e1\u0159n\u00ed rok.<\/div>\n<div>&nbsp;<\/div>\n<div>Povinnost zve\u0159ejnit n\u00e1vrh rozpo\u010dtu\/st\u0159edn\u011bdob\u00e9ho v\u00fdhledu rozpo\u010dtu a schv\u00e1len\u00fd rozpo\u010det\/st\u0159edn\u011bdob\u00fd v\u00fdhled rozpo\u010dtu je zaji\u0161t\u011bna zve\u0159ejn\u011bn\u00edm na internetov\u00fdch str\u00e1nk\u00e1ch z\u0159izovatele&nbsp;<\/div>\n<div><a href=\"http:\/\/www.msk.cz\/verejna_sprava\/index.html\" target=\"_blank\" rel=\"noopener\" data-saferedirecturl=\"https:\/\/www.google.com\/url?q=http:\/\/www.msk.cz\/verejna_sprava\/index.html&amp;source=gmail&amp;ust=1674027403618000&amp;usg=AOvVaw38_McIBafk2U4InZvcSP3X\">http:\/\/www.msk.cz\/verejna_<wbr>sprava\/index.html<\/a><\/div>\n","protected":false},"excerpt":{"rendered":"<p>Na rok 2023 a st\u0159edn\u011bdob\u00fd v\u00fdhled na roky 2024 a 2025 &nbsp; Novelou z\u00e1kona \u010d.250\/2000 Sb., o rozpo\u010dtov\u00fdch pravidlech \u00fazemn\u00edch rozpo\u010dt\u016f, je s \u00fa\u010dinnost\u00ed od 21.2.2017 p\u0159\u00edsp\u011bvkov\u00e9 organizaci stanovena povinnost sestavovat rozpo\u010det a st\u0159edn\u011bdob\u00fd v\u00fdhled rozpo\u010dtu, kter\u00e9 schvaluje jej\u00ed z\u0159izovatel. &nbsp; Rozpo\u010det p\u0159\u00edsp\u011bvkov\u00e9 organizace je pl\u00e1n v\u00fdnos\u016f a n\u00e1klad\u016f na kalend\u00e1\u0159n\u00ed rok a st\u0159edn\u011bdob\u00fd v\u00fdhled rozpo\u010dtu je pl\u00e1n n\u00e1klad\u016f a v\u00fdnos\u016f na dal\u0161\u00ed dva roky n\u00e1sleduj\u00edc\u00ed po roce, na kter\u00fd je sestavov\u00e1n pl\u00e1n na kalend\u00e1\u0159n\u00ed rok. &nbsp; Povinnost zve\u0159ejnit n\u00e1vrh rozpo\u010dtu\/st\u0159edn\u011bdob\u00e9ho v\u00fdhledu rozpo\u010dtu a schv\u00e1len\u00fd rozpo\u010det\/st\u0159edn\u011bdob\u00fd v\u00fdhled rozpo\u010dtu je zaji\u0161t\u011bna zve\u0159ejn\u011bn\u00edm na internetov\u00fdch str\u00e1nk\u00e1ch z\u0159izovatele&nbsp; http:\/\/www.msk.cz\/verejna_sprava\/index.html<\/p>\n","protected":false},"author":1,"featured_media":0,"parent":0,"menu_order":0,"comment_status":"closed","ping_status":"closed","template":"no-sidebar.php","meta":{"ngg_post_thumbnail":0,"footnotes":""},"class_list":["post-1389","page","type-page","status-publish","hentry"],"_links":{"self":[{"href":"https:\/\/www.benjaminpetrvald.cz\/index.php?rest_route=\/wp\/v2\/pages\/1389","targetHints":{"allow":["GET"]}}],"collection":[{"href":"https:\/\/www.benjaminpetrvald.cz\/index.php?rest_route=\/wp\/v2\/pages"}],"about":[{"href":"https:\/\/www.benjaminpetrvald.cz\/index.php?rest_route=\/wp\/v2\/types\/page"}],"author":[{"embeddable":true,"href":"https:\/\/www.benjaminpetrvald.cz\/index.php?rest_route=\/wp\/v2\/users\/1"}],"replies":[{"embeddable":true,"href":"https:\/\/www.benjaminpetrvald.cz\/index.php?rest_route=%2Fwp%2Fv2%2Fcomments&post=1389"}],"version-history":[{"count":2,"href":"https:\/\/www.benjaminpetrvald.cz\/index.php?rest_route=\/wp\/v2\/pages\/1389\/revisions"}],"predecessor-version":[{"id":1392,"href":"https:\/\/www.benjaminpetrvald.cz\/index.php?rest_route=\/wp\/v2\/pages\/1389\/revisions\/1392"}],"wp:attachment":[{"href":"https:\/\/www.benjaminpetrvald.cz\/index.php?rest_route=%2Fwp%2Fv2%2Fmedia&parent=1389"}],"curies":[{"name":"wp","href":"https:\/\/api.w.org\/{rel}","templated":true}]}}