{"id":109,"date":"2016-05-14T14:37:44","date_gmt":"2016-05-14T12:37:44","guid":{"rendered":"https:\/\/www.benjaminpetrvald.cz\/?page_id=109"},"modified":"2016-07-26T13:21:59","modified_gmt":"2016-07-26T11:21:59","slug":"projekt-novostavba-domova-pro-osoby-se-zdravotnim-postizenim-v-havirove","status":"publish","type":"page","link":"https:\/\/www.benjaminpetrvald.cz\/?page_id=109","title":{"rendered":"Projekt: Novostavba domova pro osoby se zdravotn\u00edm posti\u017een\u00edm v Hav\u00ed\u0159ov\u011b"},"content":{"rendered":"<p style=\"text-align: justify;\"><span style=\"font-size: 12pt;\">N\u00e1zev projektu:\u00a0 <strong>Novostavba domova pro osoby se zdravotn\u00edm posti\u017een\u00edm v Hav\u00ed\u0159ov\u011b<\/strong><\/span><br \/>\n<span style=\"font-size: 12pt;\">Registra\u010dn\u00ed \u010d\u00edslo: <strong>CZ.1.10\/2.1.00\/24.01364<\/strong><\/span><br \/>\n<span style=\"font-size: 12pt;\">\u017dadatel projektu: Moravskoslezsk\u00fd kraj <\/span><br \/>\n<span style=\"font-size: 12pt;\">\u00a0<\/span><br \/>\n<span style=\"font-size: 12pt;\">C\u00edlem projektu zv\u00fd\u0161it kvalitu soci\u00e1ln\u00edch slu\u017eeb lidem se zdravotn\u00edm posti\u017een\u00edm a vytvo\u0159it prost\u0159ed\u00ed, kter\u00e9 bude odpov\u00eddat po\u017eadavk\u016fm pro \u017eivot osob se zdravotn\u00edm posti\u017een\u00edm v d\u011btsk\u00e9m v\u011bku a z\u00e1rove\u0148 p\u016fjde o prost\u0159ed\u00ed, kter\u00e9 vytv\u00e1\u0159\u00ed \u017eivotn\u00ed podm\u00ednky pro aktivn\u00ed zp\u016fsob \u017eivota v r\u00e1mci mo\u017enost\u00ed jednotliv\u00fdch u\u017eivatel\u016f.\u00a0 <\/span><br \/>\n<span style=\"font-size: 12pt;\">P\u0159edm\u011btem projektu je v\u00fdstavba domova pro osoby se zdravotn\u00edm posti\u017een\u00edm v Hav\u00ed\u0159ov\u011b pro u\u017eivatele ve v\u011bku od 3 do 26 let, ve kter\u00e9m vznikne vybaven\u00fdch 16 jednol\u016f\u017ekov\u00fdch a 4 dvoul\u016f\u017ekov\u00e9 pokoje, kter\u00fd umo\u017en\u00ed t\u011bmto u\u017eivatel\u016fm lep\u0161\u00ed \u017eivotn\u00ed podm\u00ednky a aktivn\u011bj\u0161\u00ed zapojen\u00ed do b\u011b\u017en\u00e9ho \u017eivota. U objektu vznikne zahrada s mobili\u00e1\u0159em a vybaven\u00edm a tak\u00e9 parkovi\u0161t\u011b s 12 parkovac\u00edmi m\u00edsty. Domov bude provozovat Benjam\u00edn, p\u0159\u00edsp\u011bvkov\u00e1 organizace (partner projektu), jej\u00edm\u017e z\u0159izovatelem je Moravskoslezsk\u00fd kraj. Domov bude um\u00edst\u011bn v are\u00e1lu Nemocnice s poliklinikou v Hav\u00ed\u0159ov\u011b. Cel\u00fd objekt bude bezbari\u00e9rov\u00fd.\u00a0\u00a0 <\/span><br \/>\n<span style=\"font-size: 12pt;\">V r\u00e1mci stavebn\u00edch prac\u00ed vzniknou dv\u011b t\u0159\u00edpodla\u017en\u00ed budovy propojen\u00e9 objektem schodi\u0161t\u011b a v\u00fdtahem v centr\u00e1ln\u00ed \u010d\u00e1sti. Z hlavn\u00ed pozemn\u00ed komunikace bude k objektu vybudov\u00e1na jednopruhov\u00e1 obousm\u011brn\u00e1 pozemn\u00ed komunikace. Objekt bude napojen na ve\u0161ker\u00e9 in\u017een\u00fdrsk\u00e9 s\u00edt\u011b. <\/span><br \/>\n<span style=\"font-size: 12pt;\">Projekt je spolufinancov\u00e1n z Region\u00e1ln\u00edho opera\u010dn\u00edho programu NUTS II Moravskoslezsko ve v\u00fd\u0161i 85% z celkov\u00fdch zp\u016fsobil\u00fdch v\u00fddaj\u016f.<\/span><\/p>\n<p style=\"text-align: justify;\"><span style=\"font-size: 12pt;\"><a href=\"images\/stories\/logo-eu.jpg\"><img loading=\"lazy\" decoding=\"async\" class=\"alignnone\" src=\"images\/stories\/logo-eu.jpg\" alt=\"logo-eu\" width=\"613\" height=\"137\" \/><\/a><\/span><\/p>\n<p style=\"text-align: justify;\"><span style=\"font-size: 12pt;\">Projekt Novostavba domova pro osoby se zdravotn\u00edm posti\u017een\u00edm v Hav\u00ed\u0159ov\u011b byl dokon\u010den v\u00a0l\u00e9t\u011b roku 2015. Dne 7. srpna 2015 se konalo slavnostn\u00ed otev\u0159en\u00ed domova za \u00fa\u010dastni z\u00e1stupc\u016f z\u0159izovatele i Statut\u00e1rn\u00edho m\u011bsta Hav\u00ed\u0159ova. Novostavba se nach\u00e1z\u00ed na ulici Moskevsk\u00e1 1588 vedle are\u00e1lu NsP Hav\u00ed\u0159ov. Budova je odd\u011blena plotem od are\u00e1lu nemocnice a m\u00e1 samostatn\u00fd vjezd i svou vlastn\u00ed zahradu. Budova i zahrada je bezbari\u00e9rov\u00e1. K\u00a0dispozici je tak\u00e9 bezbari\u00e9rov\u00fd v\u00fdtah, kter\u00fdm se d\u011bti mohou dostat p\u0159\u00edmo na zahradu, stejn\u011b tak i bo\u010dn\u00edmi v\u00fdchody v p\u0159\u00edzem\u00ed. <span style=\"color: #010000;\">V domov\u011b Benjam\u00edn jsou t\u0159i samostatn\u00e9 dom\u00e1cnosti. <\/span>D\u011bti maj\u00ed na jednotliv\u00fdch dom\u00e1cnostech k\u00a0dispozici jednol\u016f\u017ekov\u00e9 a dvoul\u016f\u017ekov\u00e9 pokoje, koupelny s\u00a0WC, ob\u00fdvac\u00ed pokoj s\u00a0kuchy\u0148sk\u00fdm koutem nebo samostatnou kuchy\u0148ku v 1. pat\u0159e. Dom\u00e1cnosti jsou za\u0159\u00edzen\u00e9 dle pot\u0159eb d\u011bt\u00ed, kter\u00e9 zde bydl\u00ed. Ka\u017ed\u00e1 dom\u00e1cnost je vybavena pra\u010dkou k\u00a0pran\u00ed osobn\u00edho pr\u00e1dla d\u011bt\u00ed. Kuchy\u0148sk\u00e9 linky jsou vybaveny varnou deskou, elektrickou troubou a my\u010dkou. D\u011bti mohou d\u00e1le vyu\u017e\u00edvat prosklen\u00e9 terasy a relaxa\u010dn\u00ed m\u00edstnost. Budova poskytuje i prostory pro z\u00e1zem\u00ed person\u00e1lu i technick\u00e9 zaji\u0161t\u011bn\u00ed provozu domova.<\/span><\/p>\n<p style=\"text-align: justify;\"><span style=\"font-size: 12pt;\">Domov je svou kapacitou p\u0159ipraven poskytovat celoro\u010dn\u00ed pobytovou slu\u017ebu 24 d\u011btem a mlad\u00fdm lidem se zdravotn\u00edm posti\u017een\u00edm, kte\u0159\u00ed prozat\u00edm nemohou vyr\u016fstat v\u00a0b\u011b\u017en\u00e9 rodin\u011b. Konkr\u00e9tn\u011b se jedn\u00e1 o d\u011bti od t\u0159\u00ed let do ukon\u010den\u00ed povinn\u00e9 \u0161koln\u00ed doch\u00e1zky (a to nejd\u00e9le do 26 let v\u011bku), kter\u00e9 maj\u00ed:<\/span><\/p>\n<p style=\"text-align: justify;\"><span style=\"font-size: 12pt;\">&#8211; st\u0159edn\u011b t\u011b\u017ek\u00e9, t\u011b\u017ek\u00e9, hlubok\u00e9 ment\u00e1ln\u00ed posti\u017een\u00ed,<\/span><\/p>\n<p style=\"text-align: justify;\"><span style=\"font-size: 12pt;\">&#8211; p\u0159\u00edpadn\u011b kombinovan\u00e9 posti\u017een\u00ed tzn. ment\u00e1ln\u00ed posti\u017een\u00ed v\u00a0kombinaci s\u00a0t\u011blesn\u00fdm, smyslov\u00fdm posti\u017een\u00edm<\/span><\/p>\n<p style=\"text-align: justify;\"><span style=\"font-size: 12pt;\">\u00a0 nebo poruchami autistick\u00e9ho spektra,<\/span><\/p>\n<p style=\"text-align: justify;\"><span style=\"font-size: 12pt;\">&#8211; rodinnou vazbu v\u00a0Moravskoslezsk\u00e9m kraji.<\/span><\/p>\n<p style=\"text-align: justify;\"><span style=\"font-size: 12pt;\">Prioritn\u011b p\u0159ij\u00edm\u00e1me d\u011bti:<\/span><\/p>\n<p style=\"text-align: justify; text-indent: -18pt;\"><span style=\"font-size: 12pt;\">&#8211;<span style=\"font-family: 'Times New Roman';\">\u00a0\u00a0\u00a0\u00a0\u00a0\u00a0\u00a0\u00a0\u00a0 <\/span>ve v\u011bku od 3 do 10 let,<\/span><\/p>\n<p style=\"text-align: justify; text-indent: -18pt;\"><span style=\"font-size: 12pt;\">&#8211;<span style=\"font-family: 'Times New Roman';\">\u00a0\u00a0\u00a0\u00a0\u00a0\u00a0\u00a0\u00a0\u00a0 <\/span>s\u00a0na\u0159\u00edzenou \u00fastavn\u00ed v\u00fdchovou.<\/span><\/p>\n<p style=\"text-align: justify;\"><span style=\"font-size: 12pt;\">Posl\u00e1n\u00edm slu\u017eby Domova pro osoby se zdravotn\u00edm posti\u017een\u00edm Benjam\u00edn pracovi\u0161t\u011b v Hav\u00ed\u0159ov\u011b je poskytnout odpov\u00eddaj\u00edc\u00ed, bezpe\u010dn\u00e9 z\u00e1zem\u00ed d\u011btem se zdravotn\u00edm posti\u017een\u00edm, kter\u00e9 prozat\u00edm nemohou \u017e\u00edt v\u00a0rodinn\u00e9m prost\u0159ed\u00ed. Podporovat a pom\u00e1hat p\u0159i \u201en\u00e1vratu\u201c d\u011bt\u00ed do rodin. Zprost\u0159edkov\u00e1vat, podporovat a pom\u00e1hat d\u011btem v\u00a0jejich zapojen\u00ed do aktivit, kter\u00e9 pro\u017e\u00edvaj\u00ed jejich vrstevn\u00edci (\u0161kola, krou\u017eky atp.). S\u00a0respektem a individu\u00e1ln\u00edm p\u0159\u00edstupem ke ka\u017ed\u00e9mu z nich usilujeme o jejich za\u010dle\u0148ov\u00e1n\u00ed do spole\u010dnosti, rozv\u00edjen\u00ed jejich schopnost\u00ed a dovednost\u00ed, prov\u00e1zen\u00ed v\u00a0rizikov\u00fdch situac\u00edch, zvy\u0161ov\u00e1n\u00ed jejich sob\u011bsta\u010dnosti, vytv\u00e1\u0159en\u00ed bezpe\u010dn\u00e9ho dom\u00e1c\u00edho prost\u0159ed\u00ed a podporu k\u00a0navazov\u00e1n\u00ed zdrav\u00fdch mezilidsk\u00fdch vztah\u016f.<\/span><\/p>\n<p style=\"text-align: justify;\"><span style=\"font-size: 12pt;\">Prost\u0159ednictv\u00edm c\u00edlen\u00fdch aktivit d\u011bti podporujeme p\u0159i\u00a0znovunav\u00e1z\u00e1n\u00ed rodinn\u00fdch vazeb a pom\u00e1h\u00e1me jim p\u0159i n\u00e1vratu do rodinn\u00e9ho prost\u0159ed\u00ed. S\u00a0ohledem na\u00a0jejich pot\u0159eby usilujeme o za\u010dle\u0148ov\u00e1n\u00ed d\u011bt\u00ed do spole\u010dnosti a zapojen\u00ed do aktivit, kter\u00e9\u00a0pro\u017e\u00edvaj\u00ed jejich vrstevn\u00edci.<\/span><\/p>\n<p style=\"text-align: justify;\"><span style=\"font-size: 12pt;\">P\u0159i poskytov\u00e1n\u00ed slu\u017eby dodr\u017eujeme n\u00e1sleduj\u00edc\u00ed z\u00e1sady: Nenahrazujeme d\u011btem vlastn\u00ed rodinu, ale naopak podporujeme d\u011bti a jejich bl\u00edzk\u00e9 (rodiny, opatrovn\u00edky, p\u011bstouny, p\u0159\u00e1tele, ad.) v\u00a0udr\u017eov\u00e1n\u00ed vz\u00e1jemn\u00fdch vazeb \u010di jejich navazov\u00e1n\u00ed. Rodiny a\u00a0bl\u00edzk\u00e9 osoby zapojujeme v\u00a0co nejvy\u0161\u0161\u00ed m\u00ed\u0159e do \u0159e\u0161en\u00ed b\u011b\u017en\u00fdch z\u00e1le\u017eitost\u00ed d\u00edt\u011bte i do d\u011bn\u00ed v\u00a0na\u0161em za\u0159\u00edzen\u00ed. Pro ka\u017ed\u00e9 d\u00edt\u011b zajist\u00edme funk\u010dn\u00ed komunika\u010dn\u00ed kan\u00e1l. S\u00a0d\u011btmi komunikujeme zp\u016fsobem, kter\u00e9mu rozum\u00ed, p\u0159itom vyu\u017e\u00edv\u00e1me alternativn\u00ed formy komunikace dle jejich pot\u0159eb, mo\u017enost\u00ed a schopnost\u00ed (nap\u0159. obr\u00e1zky, p\u0159edm\u011bty, fotografie, Makaton ad.). Ka\u017ed\u00e9 d\u00edt\u011b m\u00e1 nastavenu takovou m\u00edru podpory, pomoci a p\u00e9\u010de, jakou pot\u0159ebuje s\u00a0ohledem na konkr\u00e9tn\u011b zji\u0161t\u011bn\u00e9 a vyhodnocen\u00e9 pot\u0159eby. S d\u011btmi pracujeme tak, aby byl zohledn\u011bn jejich v\u011bk, vyhodnocen\u00e9 pot\u0159eby a p\u0159irozen\u00e1 m\u00edra rizika. Usilujeme o to, aby co nejv\u00edce pro\u017e\u00edvaly b\u011b\u017en\u00e9 situace stejn\u011b jako jejich vrstevn\u00edci.<\/span><\/p>\n<p style=\"text-align: justify;\"><span style=\"font-size: 12pt;\">Ve v\u0161ech ohledech podporujeme mobilitu u\u017eivatel\u016f slu\u017eby. V\u0161ichni u\u017eivatel\u00e9 maj\u00ed mo\u017enost pohybovat se pomoc\u00ed kompenza\u010dn\u00edch pom\u016fcek (voz\u00edky, ko\u010d\u00e1rky) v\u00a0r\u00e1mci cel\u00e9ho za\u0159\u00edzen\u00ed i v\u00a0r\u00e1mci vyu\u017e\u00edv\u00e1n\u00ed komunitn\u00edch slu\u017eeb v\u00a0Hav\u00ed\u0159ov\u011b i v\u00a0okoln\u00edch m\u011bstech. B\u011b\u017en\u011b vyu\u017e\u00edv\u00e1me hromadnou autobusovou dopravu i osobn\u00ed automobily.<\/span><\/p>\n<p style=\"text-align: justify;\"><span style=\"font-size: 12pt;\">D\u011bti nav\u0161t\u011bvuj\u00ed Z\u00e1kladn\u00ed \u0161kolu v\u00a0Hav\u00ed\u0159ov\u011b-\u0160umbarku nebo Z\u0160 Duha v\u00a0Orlov\u00e9. Tak\u00e9 \u00fazce spolupracujeme se Z\u00e1kladn\u00ed \u0161kolou v\u00a0Karvin\u00e9 ul. Komensk\u00e9ho.<\/span><\/p>\n<p style=\"text-align: justify;\"><span style=\"font-size: 12pt;\">Spolupracujeme s\u00a0organizac\u00ed ADRA v\u00a0r\u00e1mci dobrovolnick\u00e9 \u010dinnosti a dobrovoln\u00edci pravideln\u011b nav\u0161t\u011bvuj\u00ed d\u011bti v\u00a0Benjam\u00ednu a umo\u017e\u0148uj\u00ed jim smyslupln\u00e9 tr\u00e1ven\u00ed voln\u00e9ho \u010dasu.<\/span><\/p>\n<p style=\"text-align: justify;\"><span style=\"font-size: 12pt;\">V\u00a0domov\u011b Benjam\u00edn maj\u00ed d\u011bti pravideln\u011b mo\u017enost z\u00fa\u010dastnit se canisterapie nebo muzikoterapie.<\/span><\/p>\n<p style=\"text-align: justify;\"><span style=\"font-size: 12pt;\"><span style=\"color: #0070c0;\">\u00a0<\/span><\/span><\/p>\n<p><span style=\"font-size: 12pt;\">Kontakty pro z\u00edsk\u00e1n\u00ed bli\u017e\u0161\u00edch informac\u00ed:<\/span><\/p>\n<p><span style=\"font-size: 12pt;\">vedouc\u00ed DOZP Benjam\u00edn st\u0159edisko Hav\u00ed\u0159ov Mgr. Ta\u0165\u00e1na Chmielov\u00e1<\/span><\/p>\n<p><span style=\"font-size: 12pt;\">\u00a0739\u00a0384\u00a0604, 596\u00a0411\u00a0544, <a href=\"mailto:benjamin.chmielova@seznam.cz\">benjamin.chmielova@seznam.cz<\/a><\/span><\/p>\n","protected":false},"excerpt":{"rendered":"<p>N\u00e1zev projektu:\u00a0 Novostavba domova pro osoby se zdravotn\u00edm posti\u017een\u00edm v Hav\u00ed\u0159ov\u011b Registra\u010dn\u00ed \u010d\u00edslo: CZ.1.10\/2.1.00\/24.01364 \u017dadatel projektu: Moravskoslezsk\u00fd kraj \u00a0 C\u00edlem projektu zv\u00fd\u0161it kvalitu soci\u00e1ln\u00edch slu\u017eeb lidem se zdravotn\u00edm posti\u017een\u00edm a vytvo\u0159it prost\u0159ed\u00ed, kter\u00e9 bude odpov\u00eddat po\u017eadavk\u016fm pro \u017eivot osob se zdravotn\u00edm posti\u017een\u00edm v d\u011btsk\u00e9m v\u011bku a z\u00e1rove\u0148 p\u016fjde o prost\u0159ed\u00ed, kter\u00e9 vytv\u00e1\u0159\u00ed \u017eivotn\u00ed podm\u00ednky pro aktivn\u00ed zp\u016fsob \u017eivota v r\u00e1mci mo\u017enost\u00ed jednotliv\u00fdch u\u017eivatel\u016f.\u00a0 P\u0159edm\u011btem projektu je v\u00fdstavba domova pro osoby se zdravotn\u00edm posti\u017een\u00edm v Hav\u00ed\u0159ov\u011b pro u\u017eivatele ve v\u011bku od 3 do 26 let, ve kter\u00e9m vznikne vybaven\u00fdch 16 jednol\u016f\u017ekov\u00fdch a 4 dvoul\u016f\u017ekov\u00e9 pokoje, kter\u00fd umo\u017en\u00ed t\u011bmto u\u017eivatel\u016fm lep\u0161\u00ed \u017eivotn\u00ed&#8230; <\/p>\n","protected":false},"author":1,"featured_media":0,"parent":0,"menu_order":0,"comment_status":"closed","ping_status":"closed","template":"full-width.php","meta":{"ngg_post_thumbnail":0,"footnotes":""},"class_list":["post-109","page","type-page","status-publish","hentry"],"_links":{"self":[{"href":"https:\/\/www.benjaminpetrvald.cz\/index.php?rest_route=\/wp\/v2\/pages\/109","targetHints":{"allow":["GET"]}}],"collection":[{"href":"https:\/\/www.benjaminpetrvald.cz\/index.php?rest_route=\/wp\/v2\/pages"}],"about":[{"href":"https:\/\/www.benjaminpetrvald.cz\/index.php?rest_route=\/wp\/v2\/types\/page"}],"author":[{"embeddable":true,"href":"https:\/\/www.benjaminpetrvald.cz\/index.php?rest_route=\/wp\/v2\/users\/1"}],"replies":[{"embeddable":true,"href":"https:\/\/www.benjaminpetrvald.cz\/index.php?rest_route=%2Fwp%2Fv2%2Fcomments&post=109"}],"version-history":[{"count":3,"href":"https:\/\/www.benjaminpetrvald.cz\/index.php?rest_route=\/wp\/v2\/pages\/109\/revisions"}],"predecessor-version":[{"id":146,"href":"https:\/\/www.benjaminpetrvald.cz\/index.php?rest_route=\/wp\/v2\/pages\/109\/revisions\/146"}],"wp:attachment":[{"href":"https:\/\/www.benjaminpetrvald.cz\/index.php?rest_route=%2Fwp%2Fv2%2Fmedia&parent=109"}],"curies":[{"name":"wp","href":"https:\/\/api.w.org\/{rel}","templated":true}]}}